{"id":1084,"date":"2023-05-12T11:18:23","date_gmt":"2023-05-12T08:18:23","guid":{"rendered":"https:\/\/siidbykairi.com\/?page_id=1084"},"modified":"2023-05-17T08:16:18","modified_gmt":"2023-05-17T05:16:18","slug":"tarnetingimused","status":"publish","type":"page","link":"https:\/\/siidbykairi.com\/en\/tarnetingimused\/","title":{"rendered":"Terms of delivery"},"content":{"rendered":"<p>If you have placed an order, you will receive a confirmation letter.  We will post your order as soon as possible, but depending on the days of the week, and bigger sales, it might take 3-5 working days. \n\nWhen the order is shipped you will receive an e-mail.<\/p>\n\n\n\n<p>Domestic orders<\/p>\n\n\n\n<p>We use Itella Smartpost, Omniva, and DPD services for Estonian orders. We try to deliver domestic orders in 2-3 working days. In colder months we recommend you choose Itella SmartPost, as these parcel machines are indoors.<\/p>\n\n\n\n<p>International orders<\/p>\n\n\n\n<p>We send international orders by DPD and you will receive your parcel in 6-10 working days. The package can be tracked on their website.<\/p>\n\n\n\n<p>If the country you would like the order to be shipped to is not on the list, please contact us at orders@siidbykairi.com <a href=\"mailto:orders@siidbykairi.com\">orders@siidbykairi.com<\/a><\/p>\n\n\n\n<p><br><\/p>\n\n\n\n<p>Shipping prices<\/p>\n\n\n\n<p><strong>Estonia<\/strong><\/p>\n\n\n\n<p>DPD parcel machine 2,50\u20ac<\/p>\n\n\n\n<p>Omniva parcel machine 2,95\u20ac<\/p>\n\n\n\n<p>Smartpost parcel machine 2,99\u20ac<\/p>\n\n\n\n<p><strong>Latvia, Lithuania<\/strong><\/p>\n\n\n\n<p>DPD parcel machine 6\u20ac<\/p>\n\n\n\n<p>Omniva parcel machine 8\u20ac<\/p>\n\n\n\n<p><strong>Finland<\/strong><\/p>\n\n\n\n<p>DPD parcel machine 9\u20ac<\/p>\n\n\n\n<p>Smartpost parcel machine 11\u20ac<\/p>\n\n\n\n<p><strong>Sweden<\/strong><\/p>\n\n\n\n<p>DPD courier 11\u20ac<\/p>\n\n\n\n<p><strong>Denmark, Poland, Slovakia, Czech Republic, Hungary<\/strong><\/p>\n\n\n\n<p>DPD courier 17\u20ac<\/p>\n\n\n\n<p><strong>Netherlands, Germany, Belgium, Luxembourg, Slovenia<\/strong><\/p>\n\n\n\n<p>DPD courier 19\u20ac<\/p>\n\n\n\n<p><strong>Austria, Ireland, Spain<\/strong><\/p>\n\n\n\n<p>DPD courier 23\u20ac<\/p>\n\n\n\n<p><strong>France, Portugal<\/strong><\/p>\n\n\n\n<p>DPD courier 34\u20ac<\/p>\n\n\n\n<p><strong>Italy, England<\/strong><\/p>\n\n\n\n<p>DPD courier 26\u20ac<\/p>\n\n\n\n<p><strong>Bulgaria, Croatia, Greece, Romania<\/strong><\/p>\n\n\n\n<p>DPD courier 34\u20ac<\/p>\n\n\n\n<p><strong>Norway, Switzerland<\/strong><\/p>\n\n\n\n<p>DPD courier 44\u20ac<\/p>","protected":false},"excerpt":{"rendered":"<p>Kui sa oled tellimuse teinud, siis sa saad emaili kirjaga \u201eSinu tellimus on k\u00e4tte saadud\u201c. P\u00fc\u00fcame sinu tellimuse esimesel v\u00f5imalusel posti panna, kuid s\u00f5ltuvalt n\u00e4dalap\u00e4evadest, allahindlusega m\u00fc\u00fckidest v\u00f5tame selleks 3-5 t\u00f6\u00f6p\u00e4eva. Me anname sulle m\u00e4rku uue emailiga, kus teatame, et \u201eSu tellimus on t\u00e4idetud ja sinu poole teel\u201c. Eestisisesed tellimused. Kodumiste tellimuste saatmise jaoks kasutame [&hellip;]<\/p>\n","protected":false},"author":5,"featured_media":0,"parent":0,"menu_order":0,"comment_status":"closed","ping_status":"closed","template":"","meta":{"footnotes":""},"class_list":["post-1084","page","type-page","status-publish","hentry"],"yoast_head":"<!-- This site is optimized with the Yoast SEO plugin v27.3 - https:\/\/yoast.com\/product\/yoast-seo-wordpress\/ -->\n<title>Tarnetingimused - SIID by Kairi<\/title>\n<meta name=\"robots\" content=\"index, follow, max-snippet:-1, max-image-preview:large, max-video-preview:-1\" \/>\n<link rel=\"canonical\" href=\"https:\/\/siidbykairi.com\/en\/tarnetingimused\/\" \/>\n<meta property=\"og:locale\" content=\"en_GB\" \/>\n<meta property=\"og:type\" content=\"article\" \/>\n<meta property=\"og:title\" content=\"Tarnetingimused - SIID by Kairi\" \/>\n<meta property=\"og:description\" content=\"Kui sa oled tellimuse teinud, siis sa saad emaili kirjaga \u201eSinu tellimus on k\u00e4tte saadud\u201c. P\u00fc\u00fcame sinu tellimuse esimesel v\u00f5imalusel posti panna, kuid s\u00f5ltuvalt n\u00e4dalap\u00e4evadest, allahindlusega m\u00fc\u00fckidest v\u00f5tame selleks 3-5 t\u00f6\u00f6p\u00e4eva. Me anname sulle m\u00e4rku uue emailiga, kus teatame, et \u201eSu tellimus on t\u00e4idetud ja sinu poole teel\u201c. Eestisisesed tellimused. Kodumiste tellimuste saatmise jaoks kasutame [&hellip;]\" \/>\n<meta property=\"og:url\" content=\"https:\/\/siidbykairi.com\/en\/tarnetingimused\/\" \/>\n<meta property=\"og:site_name\" content=\"SIID by Kairi\" \/>\n<meta property=\"article:publisher\" content=\"https:\/\/www.facebook.com\/siidbykairi\/\" \/>\n<meta property=\"article:modified_time\" content=\"2023-05-17T05:16:18+00:00\" \/>\n<meta name=\"twitter:card\" content=\"summary_large_image\" \/>\n<meta name=\"twitter:label1\" content=\"Estimated reading time\" \/>\n\t<meta name=\"twitter:data1\" content=\"2 minutes\" \/>\n<script type=\"application\/ld+json\" class=\"yoast-schema-graph\">{\"@context\":\"https:\\\/\\\/schema.org\",\"@graph\":[{\"@type\":\"WebPage\",\"@id\":\"https:\\\/\\\/siidbykairi.com\\\/tarnetingimused\\\/\",\"url\":\"https:\\\/\\\/siidbykairi.com\\\/tarnetingimused\\\/\",\"name\":\"Tarnetingimused - SIID by Kairi\",\"isPartOf\":{\"@id\":\"https:\\\/\\\/siidbykairi.com\\\/#website\"},\"datePublished\":\"2023-05-12T08:18:23+00:00\",\"dateModified\":\"2023-05-17T05:16:18+00:00\",\"breadcrumb\":{\"@id\":\"https:\\\/\\\/siidbykairi.com\\\/tarnetingimused\\\/#breadcrumb\"},\"inLanguage\":\"en-GB\",\"potentialAction\":[{\"@type\":\"ReadAction\",\"target\":[\"https:\\\/\\\/siidbykairi.com\\\/tarnetingimused\\\/\"]}]},{\"@type\":\"BreadcrumbList\",\"@id\":\"https:\\\/\\\/siidbykairi.com\\\/tarnetingimused\\\/#breadcrumb\",\"itemListElement\":[{\"@type\":\"ListItem\",\"position\":1,\"name\":\"Avaleht\",\"item\":\"https:\\\/\\\/siidbykairi.com\\\/\"},{\"@type\":\"ListItem\",\"position\":2,\"name\":\"Tarnetingimused\"}]},{\"@type\":\"WebSite\",\"@id\":\"https:\\\/\\\/siidbykairi.com\\\/#website\",\"url\":\"https:\\\/\\\/siidbykairi.com\\\/\",\"name\":\"SIID by Kairi\",\"description\":\"Siidine pai su kehale ja hingele\",\"publisher\":{\"@id\":\"https:\\\/\\\/siidbykairi.com\\\/#organization\"},\"potentialAction\":[{\"@type\":\"SearchAction\",\"target\":{\"@type\":\"EntryPoint\",\"urlTemplate\":\"https:\\\/\\\/siidbykairi.com\\\/?s={search_term_string}\"},\"query-input\":{\"@type\":\"PropertyValueSpecification\",\"valueRequired\":true,\"valueName\":\"search_term_string\"}}],\"inLanguage\":\"en-GB\"},{\"@type\":\"Organization\",\"@id\":\"https:\\\/\\\/siidbykairi.com\\\/#organization\",\"name\":\"SIID by Kairi\",\"url\":\"https:\\\/\\\/siidbykairi.com\\\/\",\"logo\":{\"@type\":\"ImageObject\",\"inLanguage\":\"en-GB\",\"@id\":\"https:\\\/\\\/siidbykairi.com\\\/#\\\/schema\\\/logo\\\/image\\\/\",\"url\":\"https:\\\/\\\/siidbykairi.com\\\/wp-content\\\/uploads\\\/2022\\\/10\\\/siidbykairi_logo_kuldne_small.png\",\"contentUrl\":\"https:\\\/\\\/siidbykairi.com\\\/wp-content\\\/uploads\\\/2022\\\/10\\\/siidbykairi_logo_kuldne_small.png\",\"width\":1001,\"height\":659,\"caption\":\"SIID by Kairi\"},\"image\":{\"@id\":\"https:\\\/\\\/siidbykairi.com\\\/#\\\/schema\\\/logo\\\/image\\\/\"},\"sameAs\":[\"https:\\\/\\\/www.facebook.com\\\/siidbykairi\\\/\",\"https:\\\/\\\/www.instagram.com\\\/siidbykairi\\\/\"]}]}<\/script>\n<!-- \/ Yoast SEO plugin. -->","yoast_head_json":{"title":"Tarnetingimused - SIID by Kairi","robots":{"index":"index","follow":"follow","max-snippet":"max-snippet:-1","max-image-preview":"max-image-preview:large","max-video-preview":"max-video-preview:-1"},"canonical":"https:\/\/siidbykairi.com\/en\/tarnetingimused\/","og_locale":"en_GB","og_type":"article","og_title":"Tarnetingimused - SIID by Kairi","og_description":"Kui sa oled tellimuse teinud, siis sa saad emaili kirjaga \u201eSinu tellimus on k\u00e4tte saadud\u201c. P\u00fc\u00fcame sinu tellimuse esimesel v\u00f5imalusel posti panna, kuid s\u00f5ltuvalt n\u00e4dalap\u00e4evadest, allahindlusega m\u00fc\u00fckidest v\u00f5tame selleks 3-5 t\u00f6\u00f6p\u00e4eva. Me anname sulle m\u00e4rku uue emailiga, kus teatame, et \u201eSu tellimus on t\u00e4idetud ja sinu poole teel\u201c. Eestisisesed tellimused. Kodumiste tellimuste saatmise jaoks kasutame [&hellip;]","og_url":"https:\/\/siidbykairi.com\/en\/tarnetingimused\/","og_site_name":"SIID by Kairi","article_publisher":"https:\/\/www.facebook.com\/siidbykairi\/","article_modified_time":"2023-05-17T05:16:18+00:00","twitter_card":"summary_large_image","twitter_misc":{"Estimated reading time":"2 minutes"},"schema":{"@context":"https:\/\/schema.org","@graph":[{"@type":"WebPage","@id":"https:\/\/siidbykairi.com\/tarnetingimused\/","url":"https:\/\/siidbykairi.com\/tarnetingimused\/","name":"Tarnetingimused - SIID by Kairi","isPartOf":{"@id":"https:\/\/siidbykairi.com\/#website"},"datePublished":"2023-05-12T08:18:23+00:00","dateModified":"2023-05-17T05:16:18+00:00","breadcrumb":{"@id":"https:\/\/siidbykairi.com\/tarnetingimused\/#breadcrumb"},"inLanguage":"en-GB","potentialAction":[{"@type":"ReadAction","target":["https:\/\/siidbykairi.com\/tarnetingimused\/"]}]},{"@type":"BreadcrumbList","@id":"https:\/\/siidbykairi.com\/tarnetingimused\/#breadcrumb","itemListElement":[{"@type":"ListItem","position":1,"name":"Avaleht","item":"https:\/\/siidbykairi.com\/"},{"@type":"ListItem","position":2,"name":"Tarnetingimused"}]},{"@type":"WebSite","@id":"https:\/\/siidbykairi.com\/#website","url":"https:\/\/siidbykairi.com\/","name":"SIID by Kairi","description":"Good skin. Good mood. Good day.","publisher":{"@id":"https:\/\/siidbykairi.com\/#organization"},"potentialAction":[{"@type":"SearchAction","target":{"@type":"EntryPoint","urlTemplate":"https:\/\/siidbykairi.com\/?s={search_term_string}"},"query-input":{"@type":"PropertyValueSpecification","valueRequired":true,"valueName":"search_term_string"}}],"inLanguage":"en-GB"},{"@type":"Organization","@id":"https:\/\/siidbykairi.com\/#organization","name":"SIID by Kairi","url":"https:\/\/siidbykairi.com\/","logo":{"@type":"ImageObject","inLanguage":"en-GB","@id":"https:\/\/siidbykairi.com\/#\/schema\/logo\/image\/","url":"https:\/\/siidbykairi.com\/wp-content\/uploads\/2022\/10\/siidbykairi_logo_kuldne_small.png","contentUrl":"https:\/\/siidbykairi.com\/wp-content\/uploads\/2022\/10\/siidbykairi_logo_kuldne_small.png","width":1001,"height":659,"caption":"SIID by Kairi"},"image":{"@id":"https:\/\/siidbykairi.com\/#\/schema\/logo\/image\/"},"sameAs":["https:\/\/www.facebook.com\/siidbykairi\/","https:\/\/www.instagram.com\/siidbykairi\/"]}]}},"_links":{"self":[{"href":"https:\/\/siidbykairi.com\/en\/wp-json\/wp\/v2\/pages\/1084","targetHints":{"allow":["GET"]}}],"collection":[{"href":"https:\/\/siidbykairi.com\/en\/wp-json\/wp\/v2\/pages"}],"about":[{"href":"https:\/\/siidbykairi.com\/en\/wp-json\/wp\/v2\/types\/page"}],"author":[{"embeddable":true,"href":"https:\/\/siidbykairi.com\/en\/wp-json\/wp\/v2\/users\/5"}],"replies":[{"embeddable":true,"href":"https:\/\/siidbykairi.com\/en\/wp-json\/wp\/v2\/comments?post=1084"}],"version-history":[{"count":0,"href":"https:\/\/siidbykairi.com\/en\/wp-json\/wp\/v2\/pages\/1084\/revisions"}],"wp:attachment":[{"href":"https:\/\/siidbykairi.com\/en\/wp-json\/wp\/v2\/media?parent=1084"}],"curies":[{"name":"wp","href":"https:\/\/api.w.org\/{rel}","templated":true}]}}