{"id":11,"date":"2022-08-31T15:20:07","date_gmt":"2022-08-31T12:20:07","guid":{"rendered":"https:\/\/siidbykairi.com\/?page_id=11"},"modified":"2023-01-03T15:53:31","modified_gmt":"2023-01-03T13:53:31","slug":"blogi","status":"publish","type":"page","link":"https:\/\/siidbykairi.com\/en\/blogi\/","title":{"rendered":"BLOG"},"content":{"rendered":"<div data-elementor-type=\"wp-page\" data-elementor-id=\"11\" class=\"elementor elementor-11\">\n\t\t\t\t\t\t<section class=\"elementor-section elementor-top-section elementor-element elementor-element-c2504ff elementor-section-boxed elementor-section-height-default elementor-section-height-default\" data-id=\"c2504ff\" data-element_type=\"section\" data-e-type=\"section\">\n\t\t\t\t\t\t<div class=\"elementor-container elementor-column-gap-default\">\n\t\t\t\t\t<div class=\"elementor-column elementor-col-100 elementor-top-column elementor-element elementor-element-a020d65\" data-id=\"a020d65\" data-element_type=\"column\" data-e-type=\"column\">\n\t\t\t<div class=\"elementor-widget-wrap elementor-element-populated\">\n\t\t\t\t\t\t<div class=\"elementor-element elementor-element-9651415 elementor-grid-eael-col-2 elementor-grid-tablet-eael-col-2 elementor-grid-mobile-eael-col-1 elementor-widget elementor-widget-eael-post-grid\" data-id=\"9651415\" data-element_type=\"widget\" data-e-type=\"widget\" data-settings=\"{&quot;eael_post_grid_columns&quot;:&quot;eael-col-2&quot;,&quot;eael_post_grid_columns_tablet&quot;:&quot;eael-col-2&quot;,&quot;eael_post_grid_columns_mobile&quot;:&quot;eael-col-1&quot;}\" data-widget_type=\"eael-post-grid.default\">\n\t\t\t\t<div class=\"elementor-widget-container\">\n\t\t\t\t\t<div id=\"eael-post-grid-9651415\" class=\"eael-post-grid-container\">\n            <div class=\"eael-post-grid eael-post-appender eael-post-appender-9651415 eael-post-grid-style-one\" data-layout-mode=\"masonry\"><article class=\"eael-grid-post  eael-post-grid-column eael-pg-post-915 category-meedias-uudis\" data-id=\"915\">\n        <div class=\"eael-grid-post-holder\">\n            <div class=\"eael-grid-post-holder-inner\"><div class=\"eael-entry-media\"><div class=\"eael-entry-overlay none\"><i class=\"fas fa-long-arrow-alt-right\" aria-hidden=\"true\"><\/i><a href=\"https:\/\/siidbykairi.com\/en\/blogi\/unistad-toelisest-heaolust-ja-siidpehmest-nahast\/\"><\/a><\/div><div class=\"eael-entry-thumbnail eael-image-ratio\">\n                <img fetchpriority=\"high\" decoding=\"async\" width=\"768\" height=\"1152\" src=\"https:\/\/siidbykairi.com\/wp-content\/uploads\/2023\/01\/4Q6A8796-768x1152.jpg\" class=\"attachment-medium_large size-medium_large wp-image-916\" alt=\"\" srcset=\"https:\/\/siidbykairi.com\/wp-content\/uploads\/2023\/01\/4Q6A8796-768x1152.jpg 768w, https:\/\/siidbykairi.com\/wp-content\/uploads\/2023\/01\/4Q6A8796-scaled-324x486.jpg 324w, https:\/\/siidbykairi.com\/wp-content\/uploads\/2023\/01\/4Q6A8796-scaled-416x624.jpg 416w, https:\/\/siidbykairi.com\/wp-content\/uploads\/2023\/01\/4Q6A8796-200x300.jpg 200w, https:\/\/siidbykairi.com\/wp-content\/uploads\/2023\/01\/4Q6A8796-683x1024.jpg 683w, https:\/\/siidbykairi.com\/wp-content\/uploads\/2023\/01\/4Q6A8796-1024x1536.jpg 1024w, https:\/\/siidbykairi.com\/wp-content\/uploads\/2023\/01\/4Q6A8796-1365x2048.jpg 1365w, https:\/\/siidbykairi.com\/wp-content\/uploads\/2023\/01\/4Q6A8796-scaled.jpg 1707w\" sizes=\"(max-width: 768px) 100vw, 768px\" \/>\n            <\/div>\n        <\/div><div class=\"eael-entry-wrapper\"><header class=\"eael-entry-header\"><h2 class=\"eael-entry-title\"><a class=\"eael-grid-post-link\" href=\"https:\/\/siidbykairi.com\/en\/blogi\/unistad-toelisest-heaolust-ja-siidpehmest-nahast\/\" title=\"Unistad t\u00f5elisest heaolust ja siidpehmest nahast?\">Unistad t\u00f5elisest heaolust ja siidpehmest nahast?<\/a><\/h2><\/header><div class=\"eael-entry-content\">\n                        <div class=\"eael-grid-post-excerpt\"><p>SIID by Kairi keha\u00f5liga on see v\u00f5imalik! SIID-i lugu sai alguse br\u00e4ndi looja Kairi Apri-Laumetsa isiklikust probleemist kuiva nahaga. Kuidas saaks nautida aastaringselt suviselt jumekat...<\/p><a href=\"https:\/\/siidbykairi.com\/en\/blogi\/unistad-toelisest-heaolust-ja-siidpehmest-nahast\/\" class=\"eael-post-elements-readmore-btn\">Loe edasi<\/a><\/div>\n                    <\/div><div class=\"eael-entry-footer\"><div class=\"eael-entry-meta\"><span class=\"eael-posted-on\"><time datetime=\"6. Jan 2023\">6. Jan 2023<\/time><\/span><\/div><\/div><\/div><\/div>\n        <\/div>\n    <\/article><\/div>\n            <div class=\"clearfix\"><\/div>\n        <\/div>\t\t\t\t<\/div>\n\t\t\t\t<\/div>\n\t\t\t\t\t<\/div>\n\t\t<\/div>\n\t\t\t\t\t<\/div>\n\t\t<\/section>\n\t\t\t\t<\/div>","protected":false},"excerpt":{"rendered":"<p>Lorem Ipsum pealkiri postitusele &#8211; Copy Sed ut perspiciatis unde omnis iste natus error sit voluptatem accusantium doloremque laudantium, totam rem aperiam, eaque ipsa quae ab illo inventore veritatis et quasi&#8230; Loe edasi 2. jaan. 2023 Lorem Ipsum pealkiri postitusele Sed ut perspiciatis unde omnis iste natus error sit voluptatem accusantium doloremque laudantium, totam rem [&hellip;]<\/p>\n","protected":false},"author":2,"featured_media":0,"parent":0,"menu_order":0,"comment_status":"closed","ping_status":"closed","template":"","meta":{"footnotes":""},"class_list":["post-11","page","type-page","status-publish","hentry"],"yoast_head":"<!-- This site is optimized with the Yoast SEO plugin v27.3 - https:\/\/yoast.com\/product\/yoast-seo-wordpress\/ -->\n<title>Blogi - SIID by Kairi<\/title>\n<meta name=\"robots\" content=\"index, follow, max-snippet:-1, max-image-preview:large, max-video-preview:-1\" \/>\n<link rel=\"canonical\" href=\"https:\/\/siidbykairi.com\/en\/blogi\/\" \/>\n<meta property=\"og:locale\" content=\"en_GB\" \/>\n<meta property=\"og:type\" content=\"article\" \/>\n<meta property=\"og:title\" content=\"Blogi - SIID by Kairi\" \/>\n<meta property=\"og:description\" content=\"Lorem Ipsum pealkiri postitusele &#8211; Copy Sed ut perspiciatis unde omnis iste natus error sit voluptatem accusantium doloremque laudantium, totam rem aperiam, eaque ipsa quae ab illo inventore veritatis et quasi&#8230; Loe edasi 2. jaan. 2023 Lorem Ipsum pealkiri postitusele Sed ut perspiciatis unde omnis iste natus error sit voluptatem accusantium doloremque laudantium, totam rem [&hellip;]\" \/>\n<meta property=\"og:url\" content=\"https:\/\/siidbykairi.com\/en\/blogi\/\" \/>\n<meta property=\"og:site_name\" content=\"SIID by Kairi\" \/>\n<meta property=\"article:publisher\" content=\"https:\/\/www.facebook.com\/siidbykairi\/\" \/>\n<meta property=\"article:modified_time\" content=\"2023-01-03T13:53:31+00:00\" \/>\n<meta property=\"og:image\" content=\"https:\/\/siidbykairi.com\/wp-content\/uploads\/2022\/12\/3-4Q6A8218-768x512.webp\" \/>\n<meta name=\"twitter:card\" content=\"summary_large_image\" \/>\n<meta name=\"twitter:label1\" content=\"Estimated reading time\" \/>\n\t<meta name=\"twitter:data1\" content=\"2 minutes\" \/>\n<script type=\"application\/ld+json\" class=\"yoast-schema-graph\">{\"@context\":\"https:\\\/\\\/schema.org\",\"@graph\":[{\"@type\":\"WebPage\",\"@id\":\"https:\\\/\\\/siidbykairi.com\\\/blogi\\\/\",\"url\":\"https:\\\/\\\/siidbykairi.com\\\/blogi\\\/\",\"name\":\"Blogi - SIID by Kairi\",\"isPartOf\":{\"@id\":\"https:\\\/\\\/siidbykairi.com\\\/#website\"},\"primaryImageOfPage\":{\"@id\":\"https:\\\/\\\/siidbykairi.com\\\/blogi\\\/#primaryimage\"},\"image\":{\"@id\":\"https:\\\/\\\/siidbykairi.com\\\/blogi\\\/#primaryimage\"},\"thumbnailUrl\":\"https:\\\/\\\/siidbykairi.com\\\/wp-content\\\/uploads\\\/2022\\\/12\\\/3-4Q6A8218-768x512.webp\",\"datePublished\":\"2022-08-31T12:20:07+00:00\",\"dateModified\":\"2023-01-03T13:53:31+00:00\",\"breadcrumb\":{\"@id\":\"https:\\\/\\\/siidbykairi.com\\\/blogi\\\/#breadcrumb\"},\"inLanguage\":\"en-GB\",\"potentialAction\":[{\"@type\":\"ReadAction\",\"target\":[\"https:\\\/\\\/siidbykairi.com\\\/blogi\\\/\"]}]},{\"@type\":\"ImageObject\",\"inLanguage\":\"en-GB\",\"@id\":\"https:\\\/\\\/siidbykairi.com\\\/blogi\\\/#primaryimage\",\"url\":\"https:\\\/\\\/siidbykairi.com\\\/wp-content\\\/uploads\\\/2022\\\/12\\\/3-4Q6A8218-768x512.webp\",\"contentUrl\":\"https:\\\/\\\/siidbykairi.com\\\/wp-content\\\/uploads\\\/2022\\\/12\\\/3-4Q6A8218-768x512.webp\"},{\"@type\":\"BreadcrumbList\",\"@id\":\"https:\\\/\\\/siidbykairi.com\\\/blogi\\\/#breadcrumb\",\"itemListElement\":[{\"@type\":\"ListItem\",\"position\":1,\"name\":\"Avaleht\",\"item\":\"https:\\\/\\\/siidbykairi.com\\\/\"},{\"@type\":\"ListItem\",\"position\":2,\"name\":\"Blogi\"}]},{\"@type\":\"WebSite\",\"@id\":\"https:\\\/\\\/siidbykairi.com\\\/#website\",\"url\":\"https:\\\/\\\/siidbykairi.com\\\/\",\"name\":\"SIID by Kairi\",\"description\":\"Siidine pai su kehale ja hingele\",\"publisher\":{\"@id\":\"https:\\\/\\\/siidbykairi.com\\\/#organization\"},\"potentialAction\":[{\"@type\":\"SearchAction\",\"target\":{\"@type\":\"EntryPoint\",\"urlTemplate\":\"https:\\\/\\\/siidbykairi.com\\\/?s={search_term_string}\"},\"query-input\":{\"@type\":\"PropertyValueSpecification\",\"valueRequired\":true,\"valueName\":\"search_term_string\"}}],\"inLanguage\":\"en-GB\"},{\"@type\":\"Organization\",\"@id\":\"https:\\\/\\\/siidbykairi.com\\\/#organization\",\"name\":\"SIID by Kairi\",\"url\":\"https:\\\/\\\/siidbykairi.com\\\/\",\"logo\":{\"@type\":\"ImageObject\",\"inLanguage\":\"en-GB\",\"@id\":\"https:\\\/\\\/siidbykairi.com\\\/#\\\/schema\\\/logo\\\/image\\\/\",\"url\":\"https:\\\/\\\/siidbykairi.com\\\/wp-content\\\/uploads\\\/2022\\\/10\\\/siidbykairi_logo_kuldne_small.png\",\"contentUrl\":\"https:\\\/\\\/siidbykairi.com\\\/wp-content\\\/uploads\\\/2022\\\/10\\\/siidbykairi_logo_kuldne_small.png\",\"width\":1001,\"height\":659,\"caption\":\"SIID by Kairi\"},\"image\":{\"@id\":\"https:\\\/\\\/siidbykairi.com\\\/#\\\/schema\\\/logo\\\/image\\\/\"},\"sameAs\":[\"https:\\\/\\\/www.facebook.com\\\/siidbykairi\\\/\",\"https:\\\/\\\/www.instagram.com\\\/siidbykairi\\\/\"]}]}<\/script>\n<!-- \/ Yoast SEO plugin. -->","yoast_head_json":{"title":"Blogi - SIID by Kairi","robots":{"index":"index","follow":"follow","max-snippet":"max-snippet:-1","max-image-preview":"max-image-preview:large","max-video-preview":"max-video-preview:-1"},"canonical":"https:\/\/siidbykairi.com\/en\/blogi\/","og_locale":"en_GB","og_type":"article","og_title":"Blogi - SIID by Kairi","og_description":"Lorem Ipsum pealkiri postitusele &#8211; Copy Sed ut perspiciatis unde omnis iste natus error sit voluptatem accusantium doloremque laudantium, totam rem aperiam, eaque ipsa quae ab illo inventore veritatis et quasi&#8230; Loe edasi 2. jaan. 2023 Lorem Ipsum pealkiri postitusele Sed ut perspiciatis unde omnis iste natus error sit voluptatem accusantium doloremque laudantium, totam rem [&hellip;]","og_url":"https:\/\/siidbykairi.com\/en\/blogi\/","og_site_name":"SIID by Kairi","article_publisher":"https:\/\/www.facebook.com\/siidbykairi\/","article_modified_time":"2023-01-03T13:53:31+00:00","og_image":[{"url":"https:\/\/siidbykairi.com\/wp-content\/uploads\/2022\/12\/3-4Q6A8218-768x512.webp","type":"","width":"","height":""}],"twitter_card":"summary_large_image","twitter_misc":{"Estimated reading time":"2 minutes"},"schema":{"@context":"https:\/\/schema.org","@graph":[{"@type":"WebPage","@id":"https:\/\/siidbykairi.com\/blogi\/","url":"https:\/\/siidbykairi.com\/blogi\/","name":"Blogi - SIID by Kairi","isPartOf":{"@id":"https:\/\/siidbykairi.com\/#website"},"primaryImageOfPage":{"@id":"https:\/\/siidbykairi.com\/blogi\/#primaryimage"},"image":{"@id":"https:\/\/siidbykairi.com\/blogi\/#primaryimage"},"thumbnailUrl":"https:\/\/siidbykairi.com\/wp-content\/uploads\/2022\/12\/3-4Q6A8218-768x512.webp","datePublished":"2022-08-31T12:20:07+00:00","dateModified":"2023-01-03T13:53:31+00:00","breadcrumb":{"@id":"https:\/\/siidbykairi.com\/blogi\/#breadcrumb"},"inLanguage":"en-GB","potentialAction":[{"@type":"ReadAction","target":["https:\/\/siidbykairi.com\/blogi\/"]}]},{"@type":"ImageObject","inLanguage":"en-GB","@id":"https:\/\/siidbykairi.com\/blogi\/#primaryimage","url":"https:\/\/siidbykairi.com\/wp-content\/uploads\/2022\/12\/3-4Q6A8218-768x512.webp","contentUrl":"https:\/\/siidbykairi.com\/wp-content\/uploads\/2022\/12\/3-4Q6A8218-768x512.webp"},{"@type":"BreadcrumbList","@id":"https:\/\/siidbykairi.com\/blogi\/#breadcrumb","itemListElement":[{"@type":"ListItem","position":1,"name":"Avaleht","item":"https:\/\/siidbykairi.com\/"},{"@type":"ListItem","position":2,"name":"Blogi"}]},{"@type":"WebSite","@id":"https:\/\/siidbykairi.com\/#website","url":"https:\/\/siidbykairi.com\/","name":"SIID by Kairi","description":"Good skin. Good mood. Good day.","publisher":{"@id":"https:\/\/siidbykairi.com\/#organization"},"potentialAction":[{"@type":"SearchAction","target":{"@type":"EntryPoint","urlTemplate":"https:\/\/siidbykairi.com\/?s={search_term_string}"},"query-input":{"@type":"PropertyValueSpecification","valueRequired":true,"valueName":"search_term_string"}}],"inLanguage":"en-GB"},{"@type":"Organization","@id":"https:\/\/siidbykairi.com\/#organization","name":"SIID by Kairi","url":"https:\/\/siidbykairi.com\/","logo":{"@type":"ImageObject","inLanguage":"en-GB","@id":"https:\/\/siidbykairi.com\/#\/schema\/logo\/image\/","url":"https:\/\/siidbykairi.com\/wp-content\/uploads\/2022\/10\/siidbykairi_logo_kuldne_small.png","contentUrl":"https:\/\/siidbykairi.com\/wp-content\/uploads\/2022\/10\/siidbykairi_logo_kuldne_small.png","width":1001,"height":659,"caption":"SIID by Kairi"},"image":{"@id":"https:\/\/siidbykairi.com\/#\/schema\/logo\/image\/"},"sameAs":["https:\/\/www.facebook.com\/siidbykairi\/","https:\/\/www.instagram.com\/siidbykairi\/"]}]}},"_links":{"self":[{"href":"https:\/\/siidbykairi.com\/en\/wp-json\/wp\/v2\/pages\/11","targetHints":{"allow":["GET"]}}],"collection":[{"href":"https:\/\/siidbykairi.com\/en\/wp-json\/wp\/v2\/pages"}],"about":[{"href":"https:\/\/siidbykairi.com\/en\/wp-json\/wp\/v2\/types\/page"}],"author":[{"embeddable":true,"href":"https:\/\/siidbykairi.com\/en\/wp-json\/wp\/v2\/users\/2"}],"replies":[{"embeddable":true,"href":"https:\/\/siidbykairi.com\/en\/wp-json\/wp\/v2\/comments?post=11"}],"version-history":[{"count":0,"href":"https:\/\/siidbykairi.com\/en\/wp-json\/wp\/v2\/pages\/11\/revisions"}],"wp:attachment":[{"href":"https:\/\/siidbykairi.com\/en\/wp-json\/wp\/v2\/media?parent=11"}],"curies":[{"name":"wp","href":"https:\/\/api.w.org\/{rel}","templated":true}]}}