{"id":330,"date":"2022-11-24T21:45:39","date_gmt":"2022-11-24T19:45:39","guid":{"rendered":"https:\/\/siidbykairi.com\/?page_id=330"},"modified":"2022-12-10T08:16:05","modified_gmt":"2022-12-10T06:16:05","slug":"lugu","status":"publish","type":"page","link":"https:\/\/siidbykairi.com\/en\/lugu\/","title":{"rendered":"Story"},"content":{"rendered":"<div data-elementor-type=\"wp-page\" data-elementor-id=\"330\" class=\"elementor elementor-330\">\n\t\t\t\t\t\t<section class=\"elementor-section elementor-top-section elementor-element elementor-element-0efeaeb elementor-section-stretched elementor-section-boxed elementor-section-height-default elementor-section-height-default\" data-id=\"0efeaeb\" data-element_type=\"section\" data-e-type=\"section\" data-settings=\"{&quot;stretch_section&quot;:&quot;section-stretched&quot;}\">\n\t\t\t\t\t\t<div class=\"elementor-container elementor-column-gap-no\">\n\t\t\t\t\t<div class=\"elementor-column elementor-col-100 elementor-top-column elementor-element elementor-element-0e7baaf\" data-id=\"0e7baaf\" data-element_type=\"column\" data-e-type=\"column\">\n\t\t\t<div class=\"elementor-widget-wrap elementor-element-populated\">\n\t\t\t\t\t\t<section class=\"elementor-section elementor-inner-section elementor-element elementor-element-a5ebc41 elementor-section-full_width elementor-section-height-default elementor-section-height-default\" data-id=\"a5ebc41\" data-element_type=\"section\" data-e-type=\"section\">\n\t\t\t\t\t\t<div class=\"elementor-container elementor-column-gap-no\">\n\t\t\t\t\t<div class=\"elementor-column elementor-col-100 elementor-inner-column elementor-element elementor-element-1ddb319\" data-id=\"1ddb319\" data-element_type=\"column\" data-e-type=\"column\">\n\t\t\t<div class=\"elementor-widget-wrap elementor-element-populated\">\n\t\t\t\t\t\t<div class=\"elementor-element elementor-element-8600c48 animated-slow elementor-invisible elementor-widget elementor-widget-heading\" data-id=\"8600c48\" data-element_type=\"widget\" data-e-type=\"widget\" data-settings=\"{&quot;_animation&quot;:&quot;fadeInUp&quot;}\" data-widget_type=\"heading.default\">\n\t\t\t\t<div class=\"elementor-widget-container\">\n\t\t\t\t\t<h2 class=\"elementor-heading-title elementor-size-default\">Our story<\/h2>\t\t\t\t<\/div>\n\t\t\t\t<\/div>\n\t\t\t\t<div class=\"elementor-element elementor-element-a716692 animated-slow elementor-invisible elementor-widget elementor-widget-image\" data-id=\"a716692\" data-element_type=\"widget\" data-e-type=\"widget\" data-settings=\"{&quot;_animation&quot;:&quot;fadeIn&quot;,&quot;_animation_delay&quot;:300}\" data-widget_type=\"image.default\">\n\t\t\t\t<div class=\"elementor-widget-container\">\n\t\t\t\t\t\t\t\t\t\t\t\t\t\t\t<img decoding=\"async\" width=\"755\" height=\"20\" src=\"https:\/\/siidbykairi.com\/wp-content\/uploads\/2022\/11\/kullariba2.webp\" class=\"attachment-full size-full wp-image-224\" alt=\"\" srcset=\"https:\/\/siidbykairi.com\/wp-content\/uploads\/2022\/11\/kullariba2.webp 755w, https:\/\/siidbykairi.com\/wp-content\/uploads\/2022\/11\/kullariba2-324x9.webp 324w, https:\/\/siidbykairi.com\/wp-content\/uploads\/2022\/11\/kullariba2-416x11.webp 416w, https:\/\/siidbykairi.com\/wp-content\/uploads\/2022\/11\/kullariba2-300x8.webp 300w\" sizes=\"(max-width: 755px) 100vw, 755px\" \/>\t\t\t\t\t\t\t\t\t\t\t\t\t\t\t<\/div>\n\t\t\t\t<\/div>\n\t\t\t\t<div class=\"elementor-element elementor-element-e46e75f animated-slow elementor-invisible elementor-widget elementor-widget-text-editor\" data-id=\"e46e75f\" data-element_type=\"widget\" data-e-type=\"widget\" data-settings=\"{&quot;_animation&quot;:&quot;fadeIn&quot;,&quot;_animation_delay&quot;:300}\" data-widget_type=\"text-editor.default\">\n\t\t\t\t<div class=\"elementor-widget-container\">\n\t\t\t\t\t\t\t\t\t<p><span lang=\"en-US\">Welcome to the secret world of SIID. It all began in a small backyard on the island of Hiiumaa, where Siid's founder Kairi Apri-Laumets grew up surrounded by the wild beauty of nature. Her father's knowledge of plants went hand in hand with her mother's impeccable sense of beauty, and from this powerful symbiosis, Kairi's interest in cosmetic alchemy was born.<\/span><\/p><p><span lang=\"en-US\">Even as a child, Kairi knew how to appreciate and admire everything that was beautiful, whether it was her mother's shiny nail polish, a velvet dress, or a silky, sun-kissed skin in the summer sun of Hiiumaa. Inspired by this beautiful skin, Kairi began experimenting with different ways to make her skin more radiant, moisturized, and soft. This was at a time when cosmetic options were very limited. She tried eating carrot puree and using creams mixed with carrot puree, but she still felt something was missing from the desired glow. That's how Kairi came up with her original SIID oil recipe, with olive oil, carrot oil, and lemon extract as its main components.<\/span><\/p><p><span lang=\"en-US\">Kairi's experiments with SIID oil lasted for years until she found the perfect combination. She has been using her own oil for 10 years now, and since she has been asked many questions about her beautiful skin, she decided to share her beauty alchemy with others.<\/span><\/p><p><span lang=\"en-US\">SIID oil is suitable for every woman of any age who wants to take care of her body and mind. <\/span><\/p>\t\t\t\t\t\t\t\t<\/div>\n\t\t\t\t<\/div>\n\t\t\t\t\t<\/div>\n\t\t<\/div>\n\t\t\t\t\t<\/div>\n\t\t<\/section>\n\t\t\t\t<section class=\"elementor-section elementor-inner-section elementor-element elementor-element-efacce5 elementor-section-full_width elementor-section-height-default elementor-section-height-default\" data-id=\"efacce5\" data-element_type=\"section\" data-e-type=\"section\">\n\t\t\t\t\t\t<div class=\"elementor-container elementor-column-gap-no\">\n\t\t\t\t\t<div class=\"elementor-column elementor-col-50 elementor-inner-column elementor-element elementor-element-1221319\" data-id=\"1221319\" data-element_type=\"column\" data-e-type=\"column\">\n\t\t\t<div class=\"elementor-widget-wrap elementor-element-populated\">\n\t\t\t\t\t\t<div class=\"elementor-element elementor-element-f810ce7 animated-slow elementor-invisible elementor-widget elementor-widget-image\" data-id=\"f810ce7\" data-element_type=\"widget\" data-e-type=\"widget\" data-settings=\"{&quot;_animation&quot;:&quot;fadeIn&quot;}\" data-widget_type=\"image.default\">\n\t\t\t\t<div class=\"elementor-widget-container\">\n\t\t\t\t\t\t\t\t\t\t\t\t\t\t\t<img fetchpriority=\"high\" decoding=\"async\" width=\"1023\" height=\"1536\" src=\"https:\/\/siidbykairi.com\/wp-content\/uploads\/2022\/12\/4Q6A7997-1023x1536.webp\" class=\"attachment-1536x1536 size-1536x1536 wp-image-476\" alt=\"\" srcset=\"https:\/\/siidbykairi.com\/wp-content\/uploads\/2022\/12\/4Q6A7997-1023x1536.webp 1023w, https:\/\/siidbykairi.com\/wp-content\/uploads\/2022\/12\/4Q6A7997-324x486.webp 324w, https:\/\/siidbykairi.com\/wp-content\/uploads\/2022\/12\/4Q6A7997-416x624.webp 416w, https:\/\/siidbykairi.com\/wp-content\/uploads\/2022\/12\/4Q6A7997-200x300.webp 200w, https:\/\/siidbykairi.com\/wp-content\/uploads\/2022\/12\/4Q6A7997-682x1024.webp 682w, https:\/\/siidbykairi.com\/wp-content\/uploads\/2022\/12\/4Q6A7997-768x1153.webp 768w, https:\/\/siidbykairi.com\/wp-content\/uploads\/2022\/12\/4Q6A7997.webp 1334w\" sizes=\"(max-width: 1023px) 100vw, 1023px\" \/>\t\t\t\t\t\t\t\t\t\t\t\t\t\t\t<\/div>\n\t\t\t\t<\/div>\n\t\t\t\t<div class=\"elementor-element elementor-element-2ba6c01 elementor-widget__width-initial elementor-widget-tablet__width-initial elementor-absolute animated-slow elementor-invisible elementor-widget elementor-widget-heading\" data-id=\"2ba6c01\" data-element_type=\"widget\" data-e-type=\"widget\" data-settings=\"{&quot;_position&quot;:&quot;absolute&quot;,&quot;_animation&quot;:&quot;fadeIn&quot;,&quot;_animation_delay&quot;:40}\" data-widget_type=\"heading.default\">\n\t\t\t\t<div class=\"elementor-widget-container\">\n\t\t\t\t\t<h2 class=\"elementor-heading-title elementor-size-default\">For every woman<\/h2>\t\t\t\t<\/div>\n\t\t\t\t<\/div>\n\t\t\t\t\t<\/div>\n\t\t<\/div>\n\t\t\t\t<div class=\"elementor-column elementor-col-50 elementor-inner-column elementor-element elementor-element-74afe95\" data-id=\"74afe95\" data-element_type=\"column\" data-e-type=\"column\">\n\t\t\t<div class=\"elementor-widget-wrap elementor-element-populated\">\n\t\t\t\t\t\t<div class=\"elementor-element elementor-element-0e15f9f animated-slow elementor-invisible elementor-widget elementor-widget-image\" data-id=\"0e15f9f\" data-element_type=\"widget\" data-e-type=\"widget\" data-settings=\"{&quot;_animation&quot;:&quot;fadeInUp&quot;}\" data-widget_type=\"image.default\">\n\t\t\t\t<div class=\"elementor-widget-container\">\n\t\t\t\t\t\t\t\t\t\t\t\t\t\t\t<img decoding=\"async\" width=\"1333\" height=\"2001\" src=\"https:\/\/siidbykairi.com\/wp-content\/uploads\/2022\/12\/4Q6A8088.webp\" class=\"attachment-full size-full wp-image-477\" alt=\"\" srcset=\"https:\/\/siidbykairi.com\/wp-content\/uploads\/2022\/12\/4Q6A8088.webp 1333w, https:\/\/siidbykairi.com\/wp-content\/uploads\/2022\/12\/4Q6A8088-324x486.webp 324w, https:\/\/siidbykairi.com\/wp-content\/uploads\/2022\/12\/4Q6A8088-416x624.webp 416w, https:\/\/siidbykairi.com\/wp-content\/uploads\/2022\/12\/4Q6A8088-200x300.webp 200w, https:\/\/siidbykairi.com\/wp-content\/uploads\/2022\/12\/4Q6A8088-682x1024.webp 682w, https:\/\/siidbykairi.com\/wp-content\/uploads\/2022\/12\/4Q6A8088-768x1153.webp 768w, https:\/\/siidbykairi.com\/wp-content\/uploads\/2022\/12\/4Q6A8088-1023x1536.webp 1023w\" sizes=\"(max-width: 1333px) 100vw, 1333px\" \/>\t\t\t\t\t\t\t\t\t\t\t\t\t\t\t<\/div>\n\t\t\t\t<\/div>\n\t\t\t\t<div class=\"elementor-element elementor-element-cea1dad elementor-widget__width-initial elementor-widget-tablet__width-initial elementor-absolute animated-slow elementor-invisible elementor-widget elementor-widget-heading\" data-id=\"cea1dad\" data-element_type=\"widget\" data-e-type=\"widget\" data-settings=\"{&quot;_position&quot;:&quot;absolute&quot;,&quot;_animation&quot;:&quot;fadeIn&quot;,&quot;_animation_delay&quot;:40}\" data-widget_type=\"heading.default\">\n\t\t\t\t<div class=\"elementor-widget-container\">\n\t\t\t\t\t<h2 class=\"elementor-heading-title elementor-size-default\">At any age<\/h2>\t\t\t\t<\/div>\n\t\t\t\t<\/div>\n\t\t\t\t\t<\/div>\n\t\t<\/div>\n\t\t\t\t\t<\/div>\n\t\t<\/section>\n\t\t\t\t\t<\/div>\n\t\t<\/div>\n\t\t\t\t\t<\/div>\n\t\t<\/section>\n\t\t\t\t<\/div>","protected":false},"excerpt":{"rendered":"<p>SIID by Kairi lugu Tere tulemast Siidi salamaailma. Siit saigi see lugu alguse. \u00dche v\u00e4ikesest koduaiast Hiiumaal. Kus selle imelise metsiku ilu keskel kasvas \u00fcles Siid \u00f5li br\u00e4ndi looja Kairi Apri-Laumets. Isa \u00f5petatud taimetarkus k\u00e4is k\u00e4sik\u00e4es ema laitmatu ilumeelega. Sellest v\u00e4ekast s\u00fcmbioosist s\u00fcndis Kairi huvi ilualkeemia vastu. Juba v\u00e4iksena oskas Kairi hinnata ja imetleda k\u00f5ike, [&hellip;]<\/p>\n","protected":false},"author":2,"featured_media":0,"parent":0,"menu_order":0,"comment_status":"closed","ping_status":"closed","template":"","meta":{"footnotes":""},"class_list":["post-330","page","type-page","status-publish","hentry"],"yoast_head":"<!-- This site is optimized with the Yoast SEO plugin v27.3 - https:\/\/yoast.com\/product\/yoast-seo-wordpress\/ -->\n<title>Lugu - SIID by Kairi<\/title>\n<meta name=\"robots\" content=\"index, follow, max-snippet:-1, max-image-preview:large, max-video-preview:-1\" \/>\n<link rel=\"canonical\" href=\"https:\/\/siidbykairi.com\/en\/lugu\/\" \/>\n<meta property=\"og:locale\" content=\"en_GB\" \/>\n<meta property=\"og:type\" content=\"article\" \/>\n<meta property=\"og:title\" content=\"Lugu - SIID by Kairi\" \/>\n<meta property=\"og:description\" content=\"SIID by Kairi lugu Tere tulemast Siidi salamaailma. Siit saigi see lugu alguse. \u00dche v\u00e4ikesest koduaiast Hiiumaal. Kus selle imelise metsiku ilu keskel kasvas \u00fcles Siid \u00f5li br\u00e4ndi looja Kairi Apri-Laumets. Isa \u00f5petatud taimetarkus k\u00e4is k\u00e4sik\u00e4es ema laitmatu ilumeelega. Sellest v\u00e4ekast s\u00fcmbioosist s\u00fcndis Kairi huvi ilualkeemia vastu. Juba v\u00e4iksena oskas Kairi hinnata ja imetleda k\u00f5ike, [&hellip;]\" \/>\n<meta property=\"og:url\" content=\"https:\/\/siidbykairi.com\/en\/lugu\/\" \/>\n<meta property=\"og:site_name\" content=\"SIID by Kairi\" \/>\n<meta property=\"article:publisher\" content=\"https:\/\/www.facebook.com\/siidbykairi\/\" \/>\n<meta property=\"article:modified_time\" content=\"2022-12-10T06:16:05+00:00\" \/>\n<meta property=\"og:image\" content=\"https:\/\/siidbykairi.com\/wp-content\/uploads\/2022\/11\/kullariba2.webp\" \/>\n<meta name=\"twitter:card\" content=\"summary_large_image\" \/>\n<meta name=\"twitter:label1\" content=\"Estimated reading time\" \/>\n\t<meta name=\"twitter:data1\" content=\"2 minutes\" \/>\n<script type=\"application\/ld+json\" class=\"yoast-schema-graph\">{\"@context\":\"https:\\\/\\\/schema.org\",\"@graph\":[{\"@type\":\"WebPage\",\"@id\":\"https:\\\/\\\/siidbykairi.com\\\/lugu\\\/\",\"url\":\"https:\\\/\\\/siidbykairi.com\\\/lugu\\\/\",\"name\":\"Lugu - SIID by Kairi\",\"isPartOf\":{\"@id\":\"https:\\\/\\\/siidbykairi.com\\\/#website\"},\"primaryImageOfPage\":{\"@id\":\"https:\\\/\\\/siidbykairi.com\\\/lugu\\\/#primaryimage\"},\"image\":{\"@id\":\"https:\\\/\\\/siidbykairi.com\\\/lugu\\\/#primaryimage\"},\"thumbnailUrl\":\"https:\\\/\\\/siidbykairi.com\\\/wp-content\\\/uploads\\\/2022\\\/11\\\/kullariba2.webp\",\"datePublished\":\"2022-11-24T19:45:39+00:00\",\"dateModified\":\"2022-12-10T06:16:05+00:00\",\"breadcrumb\":{\"@id\":\"https:\\\/\\\/siidbykairi.com\\\/lugu\\\/#breadcrumb\"},\"inLanguage\":\"en-GB\",\"potentialAction\":[{\"@type\":\"ReadAction\",\"target\":[\"https:\\\/\\\/siidbykairi.com\\\/lugu\\\/\"]}]},{\"@type\":\"ImageObject\",\"inLanguage\":\"en-GB\",\"@id\":\"https:\\\/\\\/siidbykairi.com\\\/lugu\\\/#primaryimage\",\"url\":\"https:\\\/\\\/siidbykairi.com\\\/wp-content\\\/uploads\\\/2022\\\/11\\\/kullariba2.webp\",\"contentUrl\":\"https:\\\/\\\/siidbykairi.com\\\/wp-content\\\/uploads\\\/2022\\\/11\\\/kullariba2.webp\"},{\"@type\":\"BreadcrumbList\",\"@id\":\"https:\\\/\\\/siidbykairi.com\\\/lugu\\\/#breadcrumb\",\"itemListElement\":[{\"@type\":\"ListItem\",\"position\":1,\"name\":\"Avaleht\",\"item\":\"https:\\\/\\\/siidbykairi.com\\\/\"},{\"@type\":\"ListItem\",\"position\":2,\"name\":\"Lugu\"}]},{\"@type\":\"WebSite\",\"@id\":\"https:\\\/\\\/siidbykairi.com\\\/#website\",\"url\":\"https:\\\/\\\/siidbykairi.com\\\/\",\"name\":\"SIID by Kairi\",\"description\":\"Siidine pai su kehale ja hingele\",\"publisher\":{\"@id\":\"https:\\\/\\\/siidbykairi.com\\\/#organization\"},\"potentialAction\":[{\"@type\":\"SearchAction\",\"target\":{\"@type\":\"EntryPoint\",\"urlTemplate\":\"https:\\\/\\\/siidbykairi.com\\\/?s={search_term_string}\"},\"query-input\":{\"@type\":\"PropertyValueSpecification\",\"valueRequired\":true,\"valueName\":\"search_term_string\"}}],\"inLanguage\":\"en-GB\"},{\"@type\":\"Organization\",\"@id\":\"https:\\\/\\\/siidbykairi.com\\\/#organization\",\"name\":\"SIID by Kairi\",\"url\":\"https:\\\/\\\/siidbykairi.com\\\/\",\"logo\":{\"@type\":\"ImageObject\",\"inLanguage\":\"en-GB\",\"@id\":\"https:\\\/\\\/siidbykairi.com\\\/#\\\/schema\\\/logo\\\/image\\\/\",\"url\":\"https:\\\/\\\/siidbykairi.com\\\/wp-content\\\/uploads\\\/2022\\\/10\\\/siidbykairi_logo_kuldne_small.png\",\"contentUrl\":\"https:\\\/\\\/siidbykairi.com\\\/wp-content\\\/uploads\\\/2022\\\/10\\\/siidbykairi_logo_kuldne_small.png\",\"width\":1001,\"height\":659,\"caption\":\"SIID by Kairi\"},\"image\":{\"@id\":\"https:\\\/\\\/siidbykairi.com\\\/#\\\/schema\\\/logo\\\/image\\\/\"},\"sameAs\":[\"https:\\\/\\\/www.facebook.com\\\/siidbykairi\\\/\",\"https:\\\/\\\/www.instagram.com\\\/siidbykairi\\\/\"]}]}<\/script>\n<!-- \/ Yoast SEO plugin. -->","yoast_head_json":{"title":"Lugu - SIID by Kairi","robots":{"index":"index","follow":"follow","max-snippet":"max-snippet:-1","max-image-preview":"max-image-preview:large","max-video-preview":"max-video-preview:-1"},"canonical":"https:\/\/siidbykairi.com\/en\/lugu\/","og_locale":"en_GB","og_type":"article","og_title":"Lugu - SIID by Kairi","og_description":"SIID by Kairi lugu Tere tulemast Siidi salamaailma. Siit saigi see lugu alguse. \u00dche v\u00e4ikesest koduaiast Hiiumaal. Kus selle imelise metsiku ilu keskel kasvas \u00fcles Siid \u00f5li br\u00e4ndi looja Kairi Apri-Laumets. Isa \u00f5petatud taimetarkus k\u00e4is k\u00e4sik\u00e4es ema laitmatu ilumeelega. Sellest v\u00e4ekast s\u00fcmbioosist s\u00fcndis Kairi huvi ilualkeemia vastu. Juba v\u00e4iksena oskas Kairi hinnata ja imetleda k\u00f5ike, [&hellip;]","og_url":"https:\/\/siidbykairi.com\/en\/lugu\/","og_site_name":"SIID by Kairi","article_publisher":"https:\/\/www.facebook.com\/siidbykairi\/","article_modified_time":"2022-12-10T06:16:05+00:00","og_image":[{"url":"https:\/\/siidbykairi.com\/wp-content\/uploads\/2022\/11\/kullariba2.webp","type":"","width":"","height":""}],"twitter_card":"summary_large_image","twitter_misc":{"Estimated reading time":"2 minutes"},"schema":{"@context":"https:\/\/schema.org","@graph":[{"@type":"WebPage","@id":"https:\/\/siidbykairi.com\/lugu\/","url":"https:\/\/siidbykairi.com\/lugu\/","name":"Lugu - SIID by Kairi","isPartOf":{"@id":"https:\/\/siidbykairi.com\/#website"},"primaryImageOfPage":{"@id":"https:\/\/siidbykairi.com\/lugu\/#primaryimage"},"image":{"@id":"https:\/\/siidbykairi.com\/lugu\/#primaryimage"},"thumbnailUrl":"https:\/\/siidbykairi.com\/wp-content\/uploads\/2022\/11\/kullariba2.webp","datePublished":"2022-11-24T19:45:39+00:00","dateModified":"2022-12-10T06:16:05+00:00","breadcrumb":{"@id":"https:\/\/siidbykairi.com\/lugu\/#breadcrumb"},"inLanguage":"en-GB","potentialAction":[{"@type":"ReadAction","target":["https:\/\/siidbykairi.com\/lugu\/"]}]},{"@type":"ImageObject","inLanguage":"en-GB","@id":"https:\/\/siidbykairi.com\/lugu\/#primaryimage","url":"https:\/\/siidbykairi.com\/wp-content\/uploads\/2022\/11\/kullariba2.webp","contentUrl":"https:\/\/siidbykairi.com\/wp-content\/uploads\/2022\/11\/kullariba2.webp"},{"@type":"BreadcrumbList","@id":"https:\/\/siidbykairi.com\/lugu\/#breadcrumb","itemListElement":[{"@type":"ListItem","position":1,"name":"Avaleht","item":"https:\/\/siidbykairi.com\/"},{"@type":"ListItem","position":2,"name":"Lugu"}]},{"@type":"WebSite","@id":"https:\/\/siidbykairi.com\/#website","url":"https:\/\/siidbykairi.com\/","name":"SIID by Kairi","description":"Good skin. Good mood. Good day.","publisher":{"@id":"https:\/\/siidbykairi.com\/#organization"},"potentialAction":[{"@type":"SearchAction","target":{"@type":"EntryPoint","urlTemplate":"https:\/\/siidbykairi.com\/?s={search_term_string}"},"query-input":{"@type":"PropertyValueSpecification","valueRequired":true,"valueName":"search_term_string"}}],"inLanguage":"en-GB"},{"@type":"Organization","@id":"https:\/\/siidbykairi.com\/#organization","name":"SIID by Kairi","url":"https:\/\/siidbykairi.com\/","logo":{"@type":"ImageObject","inLanguage":"en-GB","@id":"https:\/\/siidbykairi.com\/#\/schema\/logo\/image\/","url":"https:\/\/siidbykairi.com\/wp-content\/uploads\/2022\/10\/siidbykairi_logo_kuldne_small.png","contentUrl":"https:\/\/siidbykairi.com\/wp-content\/uploads\/2022\/10\/siidbykairi_logo_kuldne_small.png","width":1001,"height":659,"caption":"SIID by Kairi"},"image":{"@id":"https:\/\/siidbykairi.com\/#\/schema\/logo\/image\/"},"sameAs":["https:\/\/www.facebook.com\/siidbykairi\/","https:\/\/www.instagram.com\/siidbykairi\/"]}]}},"_links":{"self":[{"href":"https:\/\/siidbykairi.com\/en\/wp-json\/wp\/v2\/pages\/330","targetHints":{"allow":["GET"]}}],"collection":[{"href":"https:\/\/siidbykairi.com\/en\/wp-json\/wp\/v2\/pages"}],"about":[{"href":"https:\/\/siidbykairi.com\/en\/wp-json\/wp\/v2\/types\/page"}],"author":[{"embeddable":true,"href":"https:\/\/siidbykairi.com\/en\/wp-json\/wp\/v2\/users\/2"}],"replies":[{"embeddable":true,"href":"https:\/\/siidbykairi.com\/en\/wp-json\/wp\/v2\/comments?post=330"}],"version-history":[{"count":0,"href":"https:\/\/siidbykairi.com\/en\/wp-json\/wp\/v2\/pages\/330\/revisions"}],"wp:attachment":[{"href":"https:\/\/siidbykairi.com\/en\/wp-json\/wp\/v2\/media?parent=330"}],"curies":[{"name":"wp","href":"https:\/\/api.w.org\/{rel}","templated":true}]}}