{"id":2113,"date":"2024-02-08T20:07:22","date_gmt":"2024-02-08T18:07:22","guid":{"rendered":"https:\/\/siidbykairi.com\/?post_type=product&#038;p=2113"},"modified":"2026-03-02T21:19:05","modified_gmt":"2026-03-02T19:19:05","slug":"siid-by-kairi-kehaolide-komplekt-100ml-100ml","status":"publish","type":"product","link":"https:\/\/siidbykairi.com\/en\/product\/siid-by-kairi-kehaolide-komplekt-100ml-100ml\/","title":{"rendered":"Siid by Kairi keha\u00f5li 100ml + s\u00e4ra\u00f5li100ml"},"content":{"rendered":"<p class=\"p1\"><span style=\"font-weight: 400;\">SIID oil contains only three amazing ingredients - olive oil, carrot oil, and lemon extract. All of which work together to make your skin softer, more moisturized, and smelling great. <\/span><\/p>\n<p class=\"p1\"><span style=\"font-weight: 400;\">Olive oil is rich in vitamins and antioxidants and deeply moisturizes the skin.<\/span><\/p>\n<p class=\"p1\"><span style=\"font-weight: 400;\">Carrot oil supports the skin's renewal process, has anti-inflammatory and antibacterial properties, and is highly moisturizing. In addition, the rich beta-carotene in carrot oil gives a nice glow to the skin. <\/span><\/p>\n<p class=\"p1\"><span style=\"font-weight: 400;\">Lemon extract is one of the strongest immune system boosters, as it contains plenty of beneficial vitamins and has antibacterial properties. The scent of lemon has a stimulating and concentration-promoting effect. <\/span><\/p>\n<p>Deeply moisturizing and wonderfully radiant body oil. On sun-kissed skin, the sparkling glow appears as a truly elegant accessory. Before use, shake the bottle so that the shimmer of organic ingredients mixes evenly in the SIID SPARK body oil.<\/p>","protected":false},"excerpt":{"rendered":"<p>Komplekti kuulub 1x <strong><a href=\"https:\/\/siidbykairi.com\/en\/product\/siid-kehaoli-100ml\/\" target=\"_blank\" rel=\"noopener\">Siid by Kairi keha\u00f5li<\/a><\/strong> <a href=\"https:\/\/siidbykairi.com\/en\/product\/siid-kehaoli-100ml\/\" target=\"_blank\" rel=\"noopener\"><strong>100ml<\/strong><\/a> ja 1x <strong><a href=\"https:\/\/siidbykairi.com\/en\/product\/siid-by-kairi-saraoli-spark\/\" target=\"_blank\" rel=\"noopener\">Siid by Kairi s\u00e4ra\u00f5li Spark 100ml<\/a><\/strong>.<\/p>\n<p>S\u00fcgavalt niisutav keha\u00f5li, mis on<span class=\"Apple-converted-space\">\u00a0p<\/span>\u00f5hjamaise kuiva kliima jaoks ideaalne. Pehmem, niisutatum, siledam ja s\u00e4ravam nahk juba peale esimest kasutuskorda.<span class=\"Apple-converted-space\">\u00a0<\/span>SIID \u00f5li maagia loovad oliivi\u00f5li, porgandi\u00f5li ja sidruniekstrakt.<br \/>\n+<br \/>\nDeeply moisturizing and wonderfully radiant body oil. On sun-kissed skin, the sparkling glow appears as a truly elegant accessory. Before use, shake the bottle so that the shimmer of organic ingredients mixes evenly in the SIID SPARK body oil.<\/p>","protected":false},"featured_media":2547,"template":"","meta":[],"product_brand":[],"product_cat":[16],"product_tag":[],"class_list":{"0":"post-2113","1":"product","2":"type-product","3":"status-publish","4":"has-post-thumbnail","6":"product_cat-ilutoode","8":"first","9":"instock","10":"sale","11":"shipping-taxable","12":"purchasable","13":"product-type-simple"},"yoast_head":"<!-- This site is optimized with the Yoast SEO plugin v27.3 - https:\/\/yoast.com\/product\/yoast-seo-wordpress\/ -->\n<title>Siid by Kairi keha\u00f5li 100ml + s\u00e4ra\u00f5li100ml - SIID by Kairi<\/title>\n<meta name=\"description\" content=\"S\u00fcgavalt niisutav keha\u00f5li, mis on p\u00f5hjamaise kuiva kliima jaoks ideaalne. SIID keha\u00f5li maagia loovad oliivi\u00f5li, porgandi\u00f5li ja sidruniekstrakt.\" \/>\n<meta name=\"robots\" content=\"index, follow, max-snippet:-1, max-image-preview:large, max-video-preview:-1\" \/>\n<link rel=\"canonical\" href=\"https:\/\/siidbykairi.com\/en\/product\/siid-by-kairi-kehaolide-komplekt-100ml-100ml\/\" \/>\n<meta property=\"og:locale\" content=\"en_GB\" \/>\n<meta property=\"og:type\" content=\"article\" \/>\n<meta property=\"og:title\" content=\"Siid by Kairi keha\u00f5li 100ml + s\u00e4ra\u00f5li100ml - SIID by Kairi\" \/>\n<meta property=\"og:description\" content=\"S\u00fcgavalt niisutav keha\u00f5li, mis on p\u00f5hjamaise kuiva kliima jaoks ideaalne. SIID keha\u00f5li maagia loovad oliivi\u00f5li, porgandi\u00f5li ja sidruniekstrakt.\" \/>\n<meta property=\"og:url\" content=\"https:\/\/siidbykairi.com\/en\/product\/siid-by-kairi-kehaolide-komplekt-100ml-100ml\/\" \/>\n<meta property=\"og:site_name\" content=\"SIID by Kairi\" \/>\n<meta property=\"article:publisher\" content=\"https:\/\/www.facebook.com\/siidbykairi\/\" \/>\n<meta property=\"article:modified_time\" content=\"2026-03-02T19:19:05+00:00\" \/>\n<meta property=\"og:image\" content=\"https:\/\/siidbykairi.com\/wp-content\/uploads\/2024\/09\/kombo3_2.webp\" \/>\n\t<meta property=\"og:image:width\" content=\"2211\" \/>\n\t<meta property=\"og:image:height\" content=\"1962\" \/>\n\t<meta property=\"og:image:type\" content=\"image\/webp\" \/>\n<meta name=\"twitter:card\" content=\"summary_large_image\" \/>\n<meta name=\"twitter:label1\" content=\"Estimated reading time\" \/>\n\t<meta name=\"twitter:data1\" content=\"1 minute\" \/>\n<script type=\"application\/ld+json\" class=\"yoast-schema-graph\">{\"@context\":\"https:\\\/\\\/schema.org\",\"@graph\":[{\"@type\":\"WebPage\",\"@id\":\"https:\\\/\\\/siidbykairi.com\\\/toode\\\/siid-by-kairi-kehaolide-komplekt-100ml-100ml\\\/\",\"url\":\"https:\\\/\\\/siidbykairi.com\\\/toode\\\/siid-by-kairi-kehaolide-komplekt-100ml-100ml\\\/\",\"name\":\"Siid by Kairi keha\u00f5li 100ml + s\u00e4ra\u00f5li100ml - SIID by Kairi\",\"isPartOf\":{\"@id\":\"https:\\\/\\\/siidbykairi.com\\\/#website\"},\"primaryImageOfPage\":{\"@id\":\"https:\\\/\\\/siidbykairi.com\\\/toode\\\/siid-by-kairi-kehaolide-komplekt-100ml-100ml\\\/#primaryimage\"},\"image\":{\"@id\":\"https:\\\/\\\/siidbykairi.com\\\/toode\\\/siid-by-kairi-kehaolide-komplekt-100ml-100ml\\\/#primaryimage\"},\"thumbnailUrl\":\"https:\\\/\\\/siidbykairi.com\\\/wp-content\\\/uploads\\\/2024\\\/09\\\/kombo3_2.webp\",\"datePublished\":\"2024-02-08T18:07:22+00:00\",\"dateModified\":\"2026-03-02T19:19:05+00:00\",\"description\":\"S\u00fcgavalt niisutav keha\u00f5li, mis on p\u00f5hjamaise kuiva kliima jaoks ideaalne. SIID keha\u00f5li maagia loovad oliivi\u00f5li, porgandi\u00f5li ja sidruniekstrakt.\",\"breadcrumb\":{\"@id\":\"https:\\\/\\\/siidbykairi.com\\\/toode\\\/siid-by-kairi-kehaolide-komplekt-100ml-100ml\\\/#breadcrumb\"},\"inLanguage\":\"en-GB\",\"potentialAction\":[{\"@type\":\"ReadAction\",\"target\":[\"https:\\\/\\\/siidbykairi.com\\\/toode\\\/siid-by-kairi-kehaolide-komplekt-100ml-100ml\\\/\"]}]},{\"@type\":\"ImageObject\",\"inLanguage\":\"en-GB\",\"@id\":\"https:\\\/\\\/siidbykairi.com\\\/toode\\\/siid-by-kairi-kehaolide-komplekt-100ml-100ml\\\/#primaryimage\",\"url\":\"https:\\\/\\\/siidbykairi.com\\\/wp-content\\\/uploads\\\/2024\\\/09\\\/kombo3_2.webp\",\"contentUrl\":\"https:\\\/\\\/siidbykairi.com\\\/wp-content\\\/uploads\\\/2024\\\/09\\\/kombo3_2.webp\",\"width\":2211,\"height\":1962},{\"@type\":\"BreadcrumbList\",\"@id\":\"https:\\\/\\\/siidbykairi.com\\\/toode\\\/siid-by-kairi-kehaolide-komplekt-100ml-100ml\\\/#breadcrumb\",\"itemListElement\":[{\"@type\":\"ListItem\",\"position\":1,\"name\":\"Avaleht\",\"item\":\"https:\\\/\\\/siidbykairi.com\\\/\"},{\"@type\":\"ListItem\",\"position\":2,\"name\":\"Pood\",\"item\":\"https:\\\/\\\/siidbykairi.com\\\/pood\\\/\"},{\"@type\":\"ListItem\",\"position\":3,\"name\":\"Siid by Kairi keha\u00f5li 100ml + s\u00e4ra\u00f5li100ml\"}]},{\"@type\":\"WebSite\",\"@id\":\"https:\\\/\\\/siidbykairi.com\\\/#website\",\"url\":\"https:\\\/\\\/siidbykairi.com\\\/\",\"name\":\"SIID by Kairi\",\"description\":\"Siidine pai su kehale ja hingele\",\"publisher\":{\"@id\":\"https:\\\/\\\/siidbykairi.com\\\/#organization\"},\"potentialAction\":[{\"@type\":\"SearchAction\",\"target\":{\"@type\":\"EntryPoint\",\"urlTemplate\":\"https:\\\/\\\/siidbykairi.com\\\/?s={search_term_string}\"},\"query-input\":{\"@type\":\"PropertyValueSpecification\",\"valueRequired\":true,\"valueName\":\"search_term_string\"}}],\"inLanguage\":\"en-GB\"},{\"@type\":\"Organization\",\"@id\":\"https:\\\/\\\/siidbykairi.com\\\/#organization\",\"name\":\"SIID by Kairi\",\"url\":\"https:\\\/\\\/siidbykairi.com\\\/\",\"logo\":{\"@type\":\"ImageObject\",\"inLanguage\":\"en-GB\",\"@id\":\"https:\\\/\\\/siidbykairi.com\\\/#\\\/schema\\\/logo\\\/image\\\/\",\"url\":\"https:\\\/\\\/siidbykairi.com\\\/wp-content\\\/uploads\\\/2022\\\/10\\\/siidbykairi_logo_kuldne_small.png\",\"contentUrl\":\"https:\\\/\\\/siidbykairi.com\\\/wp-content\\\/uploads\\\/2022\\\/10\\\/siidbykairi_logo_kuldne_small.png\",\"width\":1001,\"height\":659,\"caption\":\"SIID by Kairi\"},\"image\":{\"@id\":\"https:\\\/\\\/siidbykairi.com\\\/#\\\/schema\\\/logo\\\/image\\\/\"},\"sameAs\":[\"https:\\\/\\\/www.facebook.com\\\/siidbykairi\\\/\",\"https:\\\/\\\/www.instagram.com\\\/siidbykairi\\\/\"]}]}<\/script>\n<!-- \/ Yoast SEO plugin. -->","yoast_head_json":{"title":"Siid by Kairi keha\u00f5li 100ml + s\u00e4ra\u00f5li100ml - SIID by Kairi","description":"S\u00fcgavalt niisutav keha\u00f5li, mis on p\u00f5hjamaise kuiva kliima jaoks ideaalne. SIID keha\u00f5li maagia loovad oliivi\u00f5li, porgandi\u00f5li ja sidruniekstrakt.","robots":{"index":"index","follow":"follow","max-snippet":"max-snippet:-1","max-image-preview":"max-image-preview:large","max-video-preview":"max-video-preview:-1"},"canonical":"https:\/\/siidbykairi.com\/en\/product\/siid-by-kairi-kehaolide-komplekt-100ml-100ml\/","og_locale":"en_GB","og_type":"article","og_title":"Siid by Kairi keha\u00f5li 100ml + s\u00e4ra\u00f5li100ml - SIID by Kairi","og_description":"S\u00fcgavalt niisutav keha\u00f5li, mis on p\u00f5hjamaise kuiva kliima jaoks ideaalne. SIID keha\u00f5li maagia loovad oliivi\u00f5li, porgandi\u00f5li ja sidruniekstrakt.","og_url":"https:\/\/siidbykairi.com\/en\/product\/siid-by-kairi-kehaolide-komplekt-100ml-100ml\/","og_site_name":"SIID by Kairi","article_publisher":"https:\/\/www.facebook.com\/siidbykairi\/","article_modified_time":"2026-03-02T19:19:05+00:00","og_image":[{"width":2211,"height":1962,"url":"https:\/\/siidbykairi.com\/wp-content\/uploads\/2024\/09\/kombo3_2.webp","type":"image\/webp"}],"twitter_card":"summary_large_image","twitter_misc":{"Estimated reading time":"1 minute"},"schema":{"@context":"https:\/\/schema.org","@graph":[{"@type":"WebPage","@id":"https:\/\/siidbykairi.com\/toode\/siid-by-kairi-kehaolide-komplekt-100ml-100ml\/","url":"https:\/\/siidbykairi.com\/toode\/siid-by-kairi-kehaolide-komplekt-100ml-100ml\/","name":"Siid by Kairi keha\u00f5li 100ml + s\u00e4ra\u00f5li100ml - SIID by Kairi","isPartOf":{"@id":"https:\/\/siidbykairi.com\/#website"},"primaryImageOfPage":{"@id":"https:\/\/siidbykairi.com\/toode\/siid-by-kairi-kehaolide-komplekt-100ml-100ml\/#primaryimage"},"image":{"@id":"https:\/\/siidbykairi.com\/toode\/siid-by-kairi-kehaolide-komplekt-100ml-100ml\/#primaryimage"},"thumbnailUrl":"https:\/\/siidbykairi.com\/wp-content\/uploads\/2024\/09\/kombo3_2.webp","datePublished":"2024-02-08T18:07:22+00:00","dateModified":"2026-03-02T19:19:05+00:00","description":"S\u00fcgavalt niisutav keha\u00f5li, mis on p\u00f5hjamaise kuiva kliima jaoks ideaalne. SIID keha\u00f5li maagia loovad oliivi\u00f5li, porgandi\u00f5li ja sidruniekstrakt.","breadcrumb":{"@id":"https:\/\/siidbykairi.com\/toode\/siid-by-kairi-kehaolide-komplekt-100ml-100ml\/#breadcrumb"},"inLanguage":"en-GB","potentialAction":[{"@type":"ReadAction","target":["https:\/\/siidbykairi.com\/toode\/siid-by-kairi-kehaolide-komplekt-100ml-100ml\/"]}]},{"@type":"ImageObject","inLanguage":"en-GB","@id":"https:\/\/siidbykairi.com\/toode\/siid-by-kairi-kehaolide-komplekt-100ml-100ml\/#primaryimage","url":"https:\/\/siidbykairi.com\/wp-content\/uploads\/2024\/09\/kombo3_2.webp","contentUrl":"https:\/\/siidbykairi.com\/wp-content\/uploads\/2024\/09\/kombo3_2.webp","width":2211,"height":1962},{"@type":"BreadcrumbList","@id":"https:\/\/siidbykairi.com\/toode\/siid-by-kairi-kehaolide-komplekt-100ml-100ml\/#breadcrumb","itemListElement":[{"@type":"ListItem","position":1,"name":"Avaleht","item":"https:\/\/siidbykairi.com\/"},{"@type":"ListItem","position":2,"name":"Pood","item":"https:\/\/siidbykairi.com\/pood\/"},{"@type":"ListItem","position":3,"name":"Siid by Kairi keha\u00f5li 100ml + s\u00e4ra\u00f5li100ml"}]},{"@type":"WebSite","@id":"https:\/\/siidbykairi.com\/#website","url":"https:\/\/siidbykairi.com\/","name":"SIID by Kairi","description":"Good skin. Good mood. Good day.","publisher":{"@id":"https:\/\/siidbykairi.com\/#organization"},"potentialAction":[{"@type":"SearchAction","target":{"@type":"EntryPoint","urlTemplate":"https:\/\/siidbykairi.com\/?s={search_term_string}"},"query-input":{"@type":"PropertyValueSpecification","valueRequired":true,"valueName":"search_term_string"}}],"inLanguage":"en-GB"},{"@type":"Organization","@id":"https:\/\/siidbykairi.com\/#organization","name":"SIID by Kairi","url":"https:\/\/siidbykairi.com\/","logo":{"@type":"ImageObject","inLanguage":"en-GB","@id":"https:\/\/siidbykairi.com\/#\/schema\/logo\/image\/","url":"https:\/\/siidbykairi.com\/wp-content\/uploads\/2022\/10\/siidbykairi_logo_kuldne_small.png","contentUrl":"https:\/\/siidbykairi.com\/wp-content\/uploads\/2022\/10\/siidbykairi_logo_kuldne_small.png","width":1001,"height":659,"caption":"SIID by Kairi"},"image":{"@id":"https:\/\/siidbykairi.com\/#\/schema\/logo\/image\/"},"sameAs":["https:\/\/www.facebook.com\/siidbykairi\/","https:\/\/www.instagram.com\/siidbykairi\/"]}]}},"_links":{"self":[{"href":"https:\/\/siidbykairi.com\/en\/wp-json\/wp\/v2\/product\/2113","targetHints":{"allow":["GET"]}}],"collection":[{"href":"https:\/\/siidbykairi.com\/en\/wp-json\/wp\/v2\/product"}],"about":[{"href":"https:\/\/siidbykairi.com\/en\/wp-json\/wp\/v2\/types\/product"}],"wp:featuredmedia":[{"embeddable":true,"href":"https:\/\/siidbykairi.com\/en\/wp-json\/wp\/v2\/media\/2547"}],"wp:attachment":[{"href":"https:\/\/siidbykairi.com\/en\/wp-json\/wp\/v2\/media?parent=2113"}],"wp:term":[{"taxonomy":"product_brand","embeddable":true,"href":"https:\/\/siidbykairi.com\/en\/wp-json\/wp\/v2\/product_brand?post=2113"},{"taxonomy":"product_cat","embeddable":true,"href":"https:\/\/siidbykairi.com\/en\/wp-json\/wp\/v2\/product_cat?post=2113"},{"taxonomy":"product_tag","embeddable":true,"href":"https:\/\/siidbykairi.com\/en\/wp-json\/wp\/v2\/product_tag?post=2113"}],"curies":[{"name":"wp","href":"https:\/\/api.w.org\/{rel}","templated":true}]}}