{"id":2769,"date":"2025-07-16T14:22:58","date_gmt":"2025-07-16T11:22:58","guid":{"rendered":"https:\/\/siidbykairi.com\/?post_type=product&#038;p=2769"},"modified":"2026-04-09T18:08:07","modified_gmt":"2026-04-09T15:08:07","slug":"siid-by-kairi-kehaoli-50ml-roll-on","status":"publish","type":"product","link":"https:\/\/siidbykairi.com\/en\/product\/siid-by-kairi-kehaoli-50ml-roll-on\/","title":{"rendered":"Siid by Kairi keha\u00f5li 50ml roll-on"},"content":{"rendered":"<p><strong>The SIId roll-on is here. Same formula. Same shine.<\/strong><\/p>\n<p>But in an even more convenient package so you can always take SIID with you. The roll-on bottle makes applying the oil so much easier and saves you time.<\/p>\n<p class=\"p1\"><span style=\"font-weight: 400;\">SIID oil contains only three amazing ingredients - olive oil, carrot oil, and lemon extract. All of which work together to make your skin softer, more moisturized, and smelling great. <\/span><\/p>\n<p class=\"p1\"><span style=\"font-weight: 400;\">Olive oil is rich in vitamins and antioxidants and deeply moisturizes the skin.<\/span><\/p>\n<p class=\"p1\"><span style=\"font-weight: 400;\">Carrot oil supports the skin's renewal process, has anti-inflammatory and antibacterial properties, and is highly moisturizing. In addition, the rich beta-carotene in carrot oil gives a nice glow to the skin. <\/span><\/p>\n<p class=\"p1\"><span style=\"font-weight: 400;\">Lemon extract is one of the strongest immune system boosters, as it contains plenty of beneficial vitamins and has antibacterial properties. The scent of lemon has a stimulating and concentration-promoting effect. <\/span><\/p>","protected":false},"excerpt":{"rendered":"<p class=\"translation-block\">Deeply moisturizing body oil, ideal for the dry Nordic climate. Softer, more hydrated, smoother, and more radiant skin after the first use. The magic of SIID oil is created by olive oil, carrot oil, and lemon extract.<\/p>\n<div class=\"flexrow\"><\/div>","protected":false},"featured_media":2782,"template":"","meta":[],"product_brand":[],"product_cat":[16],"product_tag":[],"class_list":{"0":"post-2769","1":"product","2":"type-product","3":"status-publish","4":"has-post-thumbnail","6":"product_cat-ilutoode","8":"first","9":"instock","10":"sale","11":"shipping-taxable","12":"purchasable","13":"product-type-simple"},"yoast_head":"<!-- This site is optimized with the Yoast SEO plugin v27.3 - https:\/\/yoast.com\/product\/yoast-seo-wordpress\/ -->\n<title>Siid by Kairi keha\u00f5li 50ml roll-on - SIID by Kairi<\/title>\n<meta name=\"description\" content=\"S\u00fcgavalt niisutav keha\u00f5li, mis on p\u00f5hjamaise kuiva kliima jaoks ideaalne. SIID keha\u00f5li maagia loovad oliivi\u00f5li, porgandi\u00f5li ja sidruniekstrakt.\" \/>\n<meta name=\"robots\" content=\"index, follow, max-snippet:-1, max-image-preview:large, max-video-preview:-1\" \/>\n<link rel=\"canonical\" href=\"https:\/\/siidbykairi.com\/en\/product\/siid-by-kairi-kehaoli-50ml-roll-on\/\" \/>\n<meta property=\"og:locale\" content=\"en_GB\" \/>\n<meta property=\"og:type\" content=\"article\" \/>\n<meta property=\"og:title\" content=\"Siid by Kairi keha\u00f5li 50ml roll-on - SIID by Kairi\" \/>\n<meta property=\"og:description\" content=\"S\u00fcgavalt niisutav keha\u00f5li, mis on p\u00f5hjamaise kuiva kliima jaoks ideaalne. SIID keha\u00f5li maagia loovad oliivi\u00f5li, porgandi\u00f5li ja sidruniekstrakt.\" \/>\n<meta property=\"og:url\" content=\"https:\/\/siidbykairi.com\/en\/product\/siid-by-kairi-kehaoli-50ml-roll-on\/\" \/>\n<meta property=\"og:site_name\" content=\"SIID by Kairi\" \/>\n<meta property=\"article:publisher\" content=\"https:\/\/www.facebook.com\/siidbykairi\/\" \/>\n<meta property=\"article:modified_time\" content=\"2026-04-09T15:08:07+00:00\" \/>\n<meta property=\"og:image\" content=\"https:\/\/siidbykairi.com\/wp-content\/uploads\/2025\/07\/Messenger_creation_D1FAD68C-1EF7-4ED0-836F-4C95C194166B.jpeg\" \/>\n\t<meta property=\"og:image:width\" content=\"1080\" \/>\n\t<meta property=\"og:image:height\" content=\"1616\" \/>\n\t<meta property=\"og:image:type\" content=\"image\/jpeg\" \/>\n<meta name=\"twitter:card\" content=\"summary_large_image\" \/>\n<meta name=\"twitter:label1\" content=\"Estimated reading time\" \/>\n\t<meta name=\"twitter:data1\" content=\"1 minute\" \/>\n<script type=\"application\/ld+json\" class=\"yoast-schema-graph\">{\"@context\":\"https:\\\/\\\/schema.org\",\"@graph\":[{\"@type\":\"WebPage\",\"@id\":\"https:\\\/\\\/siidbykairi.com\\\/toode\\\/siid-by-kairi-kehaoli-50ml-roll-on\\\/\",\"url\":\"https:\\\/\\\/siidbykairi.com\\\/toode\\\/siid-by-kairi-kehaoli-50ml-roll-on\\\/\",\"name\":\"Siid by Kairi keha\u00f5li 50ml roll-on - SIID by Kairi\",\"isPartOf\":{\"@id\":\"https:\\\/\\\/siidbykairi.com\\\/#website\"},\"primaryImageOfPage\":{\"@id\":\"https:\\\/\\\/siidbykairi.com\\\/toode\\\/siid-by-kairi-kehaoli-50ml-roll-on\\\/#primaryimage\"},\"image\":{\"@id\":\"https:\\\/\\\/siidbykairi.com\\\/toode\\\/siid-by-kairi-kehaoli-50ml-roll-on\\\/#primaryimage\"},\"thumbnailUrl\":\"https:\\\/\\\/siidbykairi.com\\\/wp-content\\\/uploads\\\/2025\\\/07\\\/Messenger_creation_D1FAD68C-1EF7-4ED0-836F-4C95C194166B.jpeg\",\"datePublished\":\"2025-07-16T11:22:58+00:00\",\"dateModified\":\"2026-04-09T15:08:07+00:00\",\"description\":\"S\u00fcgavalt niisutav keha\u00f5li, mis on p\u00f5hjamaise kuiva kliima jaoks ideaalne. SIID keha\u00f5li maagia loovad oliivi\u00f5li, porgandi\u00f5li ja sidruniekstrakt.\",\"breadcrumb\":{\"@id\":\"https:\\\/\\\/siidbykairi.com\\\/toode\\\/siid-by-kairi-kehaoli-50ml-roll-on\\\/#breadcrumb\"},\"inLanguage\":\"en-GB\",\"potentialAction\":[{\"@type\":\"ReadAction\",\"target\":[\"https:\\\/\\\/siidbykairi.com\\\/toode\\\/siid-by-kairi-kehaoli-50ml-roll-on\\\/\"]}]},{\"@type\":\"ImageObject\",\"inLanguage\":\"en-GB\",\"@id\":\"https:\\\/\\\/siidbykairi.com\\\/toode\\\/siid-by-kairi-kehaoli-50ml-roll-on\\\/#primaryimage\",\"url\":\"https:\\\/\\\/siidbykairi.com\\\/wp-content\\\/uploads\\\/2025\\\/07\\\/Messenger_creation_D1FAD68C-1EF7-4ED0-836F-4C95C194166B.jpeg\",\"contentUrl\":\"https:\\\/\\\/siidbykairi.com\\\/wp-content\\\/uploads\\\/2025\\\/07\\\/Messenger_creation_D1FAD68C-1EF7-4ED0-836F-4C95C194166B.jpeg\",\"width\":1080,\"height\":1616},{\"@type\":\"BreadcrumbList\",\"@id\":\"https:\\\/\\\/siidbykairi.com\\\/toode\\\/siid-by-kairi-kehaoli-50ml-roll-on\\\/#breadcrumb\",\"itemListElement\":[{\"@type\":\"ListItem\",\"position\":1,\"name\":\"Avaleht\",\"item\":\"https:\\\/\\\/siidbykairi.com\\\/\"},{\"@type\":\"ListItem\",\"position\":2,\"name\":\"Pood\",\"item\":\"https:\\\/\\\/siidbykairi.com\\\/pood\\\/\"},{\"@type\":\"ListItem\",\"position\":3,\"name\":\"Siid by Kairi keha\u00f5li 50ml roll-on\"}]},{\"@type\":\"WebSite\",\"@id\":\"https:\\\/\\\/siidbykairi.com\\\/#website\",\"url\":\"https:\\\/\\\/siidbykairi.com\\\/\",\"name\":\"SIID by Kairi\",\"description\":\"Siidine pai su kehale ja hingele\",\"publisher\":{\"@id\":\"https:\\\/\\\/siidbykairi.com\\\/#organization\"},\"potentialAction\":[{\"@type\":\"SearchAction\",\"target\":{\"@type\":\"EntryPoint\",\"urlTemplate\":\"https:\\\/\\\/siidbykairi.com\\\/?s={search_term_string}\"},\"query-input\":{\"@type\":\"PropertyValueSpecification\",\"valueRequired\":true,\"valueName\":\"search_term_string\"}}],\"inLanguage\":\"en-GB\"},{\"@type\":\"Organization\",\"@id\":\"https:\\\/\\\/siidbykairi.com\\\/#organization\",\"name\":\"SIID by Kairi\",\"url\":\"https:\\\/\\\/siidbykairi.com\\\/\",\"logo\":{\"@type\":\"ImageObject\",\"inLanguage\":\"en-GB\",\"@id\":\"https:\\\/\\\/siidbykairi.com\\\/#\\\/schema\\\/logo\\\/image\\\/\",\"url\":\"https:\\\/\\\/siidbykairi.com\\\/wp-content\\\/uploads\\\/2022\\\/10\\\/siidbykairi_logo_kuldne_small.png\",\"contentUrl\":\"https:\\\/\\\/siidbykairi.com\\\/wp-content\\\/uploads\\\/2022\\\/10\\\/siidbykairi_logo_kuldne_small.png\",\"width\":1001,\"height\":659,\"caption\":\"SIID by Kairi\"},\"image\":{\"@id\":\"https:\\\/\\\/siidbykairi.com\\\/#\\\/schema\\\/logo\\\/image\\\/\"},\"sameAs\":[\"https:\\\/\\\/www.facebook.com\\\/siidbykairi\\\/\",\"https:\\\/\\\/www.instagram.com\\\/siidbykairi\\\/\"]}]}<\/script>\n<!-- \/ Yoast SEO plugin. -->","yoast_head_json":{"title":"Siid by Kairi keha\u00f5li 50ml roll-on - SIID by Kairi","description":"S\u00fcgavalt niisutav keha\u00f5li, mis on p\u00f5hjamaise kuiva kliima jaoks ideaalne. SIID keha\u00f5li maagia loovad oliivi\u00f5li, porgandi\u00f5li ja sidruniekstrakt.","robots":{"index":"index","follow":"follow","max-snippet":"max-snippet:-1","max-image-preview":"max-image-preview:large","max-video-preview":"max-video-preview:-1"},"canonical":"https:\/\/siidbykairi.com\/en\/product\/siid-by-kairi-kehaoli-50ml-roll-on\/","og_locale":"en_GB","og_type":"article","og_title":"Siid by Kairi keha\u00f5li 50ml roll-on - SIID by Kairi","og_description":"S\u00fcgavalt niisutav keha\u00f5li, mis on p\u00f5hjamaise kuiva kliima jaoks ideaalne. SIID keha\u00f5li maagia loovad oliivi\u00f5li, porgandi\u00f5li ja sidruniekstrakt.","og_url":"https:\/\/siidbykairi.com\/en\/product\/siid-by-kairi-kehaoli-50ml-roll-on\/","og_site_name":"SIID by Kairi","article_publisher":"https:\/\/www.facebook.com\/siidbykairi\/","article_modified_time":"2026-04-09T15:08:07+00:00","og_image":[{"width":1080,"height":1616,"url":"https:\/\/siidbykairi.com\/wp-content\/uploads\/2025\/07\/Messenger_creation_D1FAD68C-1EF7-4ED0-836F-4C95C194166B.jpeg","type":"image\/jpeg"}],"twitter_card":"summary_large_image","twitter_misc":{"Estimated reading time":"1 minute"},"schema":{"@context":"https:\/\/schema.org","@graph":[{"@type":"WebPage","@id":"https:\/\/siidbykairi.com\/toode\/siid-by-kairi-kehaoli-50ml-roll-on\/","url":"https:\/\/siidbykairi.com\/toode\/siid-by-kairi-kehaoli-50ml-roll-on\/","name":"Siid by Kairi keha\u00f5li 50ml roll-on - SIID by Kairi","isPartOf":{"@id":"https:\/\/siidbykairi.com\/#website"},"primaryImageOfPage":{"@id":"https:\/\/siidbykairi.com\/toode\/siid-by-kairi-kehaoli-50ml-roll-on\/#primaryimage"},"image":{"@id":"https:\/\/siidbykairi.com\/toode\/siid-by-kairi-kehaoli-50ml-roll-on\/#primaryimage"},"thumbnailUrl":"https:\/\/siidbykairi.com\/wp-content\/uploads\/2025\/07\/Messenger_creation_D1FAD68C-1EF7-4ED0-836F-4C95C194166B.jpeg","datePublished":"2025-07-16T11:22:58+00:00","dateModified":"2026-04-09T15:08:07+00:00","description":"S\u00fcgavalt niisutav keha\u00f5li, mis on p\u00f5hjamaise kuiva kliima jaoks ideaalne. SIID keha\u00f5li maagia loovad oliivi\u00f5li, porgandi\u00f5li ja sidruniekstrakt.","breadcrumb":{"@id":"https:\/\/siidbykairi.com\/toode\/siid-by-kairi-kehaoli-50ml-roll-on\/#breadcrumb"},"inLanguage":"en-GB","potentialAction":[{"@type":"ReadAction","target":["https:\/\/siidbykairi.com\/toode\/siid-by-kairi-kehaoli-50ml-roll-on\/"]}]},{"@type":"ImageObject","inLanguage":"en-GB","@id":"https:\/\/siidbykairi.com\/toode\/siid-by-kairi-kehaoli-50ml-roll-on\/#primaryimage","url":"https:\/\/siidbykairi.com\/wp-content\/uploads\/2025\/07\/Messenger_creation_D1FAD68C-1EF7-4ED0-836F-4C95C194166B.jpeg","contentUrl":"https:\/\/siidbykairi.com\/wp-content\/uploads\/2025\/07\/Messenger_creation_D1FAD68C-1EF7-4ED0-836F-4C95C194166B.jpeg","width":1080,"height":1616},{"@type":"BreadcrumbList","@id":"https:\/\/siidbykairi.com\/toode\/siid-by-kairi-kehaoli-50ml-roll-on\/#breadcrumb","itemListElement":[{"@type":"ListItem","position":1,"name":"Avaleht","item":"https:\/\/siidbykairi.com\/"},{"@type":"ListItem","position":2,"name":"Pood","item":"https:\/\/siidbykairi.com\/pood\/"},{"@type":"ListItem","position":3,"name":"Siid by Kairi keha\u00f5li 50ml roll-on"}]},{"@type":"WebSite","@id":"https:\/\/siidbykairi.com\/#website","url":"https:\/\/siidbykairi.com\/","name":"SIID by Kairi","description":"Good skin. Good mood. Good day.","publisher":{"@id":"https:\/\/siidbykairi.com\/#organization"},"potentialAction":[{"@type":"SearchAction","target":{"@type":"EntryPoint","urlTemplate":"https:\/\/siidbykairi.com\/?s={search_term_string}"},"query-input":{"@type":"PropertyValueSpecification","valueRequired":true,"valueName":"search_term_string"}}],"inLanguage":"en-GB"},{"@type":"Organization","@id":"https:\/\/siidbykairi.com\/#organization","name":"SIID by Kairi","url":"https:\/\/siidbykairi.com\/","logo":{"@type":"ImageObject","inLanguage":"en-GB","@id":"https:\/\/siidbykairi.com\/#\/schema\/logo\/image\/","url":"https:\/\/siidbykairi.com\/wp-content\/uploads\/2022\/10\/siidbykairi_logo_kuldne_small.png","contentUrl":"https:\/\/siidbykairi.com\/wp-content\/uploads\/2022\/10\/siidbykairi_logo_kuldne_small.png","width":1001,"height":659,"caption":"SIID by Kairi"},"image":{"@id":"https:\/\/siidbykairi.com\/#\/schema\/logo\/image\/"},"sameAs":["https:\/\/www.facebook.com\/siidbykairi\/","https:\/\/www.instagram.com\/siidbykairi\/"]}]}},"_links":{"self":[{"href":"https:\/\/siidbykairi.com\/en\/wp-json\/wp\/v2\/product\/2769","targetHints":{"allow":["GET"]}}],"collection":[{"href":"https:\/\/siidbykairi.com\/en\/wp-json\/wp\/v2\/product"}],"about":[{"href":"https:\/\/siidbykairi.com\/en\/wp-json\/wp\/v2\/types\/product"}],"wp:featuredmedia":[{"embeddable":true,"href":"https:\/\/siidbykairi.com\/en\/wp-json\/wp\/v2\/media\/2782"}],"wp:attachment":[{"href":"https:\/\/siidbykairi.com\/en\/wp-json\/wp\/v2\/media?parent=2769"}],"wp:term":[{"taxonomy":"product_brand","embeddable":true,"href":"https:\/\/siidbykairi.com\/en\/wp-json\/wp\/v2\/product_brand?post=2769"},{"taxonomy":"product_cat","embeddable":true,"href":"https:\/\/siidbykairi.com\/en\/wp-json\/wp\/v2\/product_cat?post=2769"},{"taxonomy":"product_tag","embeddable":true,"href":"https:\/\/siidbykairi.com\/en\/wp-json\/wp\/v2\/product_tag?post=2769"}],"curies":[{"name":"wp","href":"https:\/\/api.w.org\/{rel}","templated":true}]}}