{"id":2770,"date":"2025-07-16T14:23:44","date_gmt":"2025-07-16T11:23:44","guid":{"rendered":"https:\/\/siidbykairi.com\/?post_type=product&#038;p=2770"},"modified":"2026-04-27T12:55:22","modified_gmt":"2026-04-27T09:55:22","slug":"siid-by-kairi-saraoli-spark-50ml-roll-on","status":"publish","type":"product","link":"https:\/\/siidbykairi.com\/en\/product\/siid-by-kairi-saraoli-spark-50ml-roll-on\/","title":{"rendered":"Siid by Kairi s\u00e4ra\u00f5li Spark 50ml roll-on"},"content":{"rendered":"<p><strong>The SIId roll-on is here. Same formula. Same shine.<\/strong><\/p>\n<p>But in an even more convenient package so you can always take SIID with you. The roll-on bottle makes applying the oil so much easier and saves you time.<\/p>\n<p>Deeply moisturizing and wonderfully radiant body oil. On sun-kissed skin, the sparkling glow appears as a truly elegant accessory. Before use, shake the bottle so that the shimmer of organic ingredients mixes evenly in the SIID SPARK body oil.<\/p>","protected":false},"excerpt":{"rendered":"<p>SIId roll-on on kohal. Sama koostis. Sama s\u00e4ra. Aga veelgi mugavamas pakendis, et saaksid SIIDi alati endaga kaasa v\u00f5tta. Roll-on pudel teeb \u00f5li pealekandmise nii palju lihtsamaks ja s\u00e4\u00e4stab su aega. S\u00fcgavalt niisutav ning imelist s\u00e4ra andev keha\u00f5li. P\u00e4evitunud nahal m\u00f5jub s\u00e4delev nahk kui t\u00f5eliselt elegantne aksessuaar. Enne kasutamist raputa pudelit, et orgaanilistest koostisosadest s\u00e4delus [&hellip;]<\/p>\n","protected":false},"featured_media":2787,"template":"","meta":[],"product_brand":[],"product_cat":[16],"product_tag":[],"class_list":{"0":"post-2770","1":"product","2":"type-product","3":"status-publish","4":"has-post-thumbnail","6":"product_cat-ilutoode","8":"first","9":"outofstock","10":"sale","11":"shipping-taxable","12":"purchasable","13":"product-type-simple"},"yoast_head":"<!-- This site is optimized with the Yoast SEO plugin v27.3 - https:\/\/yoast.com\/product\/yoast-seo-wordpress\/ -->\n<title>Siid by Kairi s\u00e4ra\u00f5li Spark 50ml roll-on - SIID by Kairi<\/title>\n<meta name=\"robots\" content=\"index, follow, max-snippet:-1, max-image-preview:large, max-video-preview:-1\" \/>\n<link rel=\"canonical\" href=\"https:\/\/siidbykairi.com\/en\/product\/siid-by-kairi-saraoli-spark-50ml-roll-on\/\" \/>\n<meta property=\"og:locale\" content=\"en_GB\" \/>\n<meta property=\"og:type\" content=\"article\" \/>\n<meta property=\"og:title\" content=\"Siid by Kairi s\u00e4ra\u00f5li Spark 50ml roll-on - SIID by Kairi\" \/>\n<meta property=\"og:description\" content=\"SIId roll-on on kohal. Sama koostis. Sama s\u00e4ra. Aga veelgi mugavamas pakendis, et saaksid SIIDi alati endaga kaasa v\u00f5tta. Roll-on pudel teeb \u00f5li pealekandmise nii palju lihtsamaks ja s\u00e4\u00e4stab su aega. S\u00fcgavalt niisutav ning imelist s\u00e4ra andev keha\u00f5li. P\u00e4evitunud nahal m\u00f5jub s\u00e4delev nahk kui t\u00f5eliselt elegantne aksessuaar. Enne kasutamist raputa pudelit, et orgaanilistest koostisosadest s\u00e4delus [&hellip;]\" \/>\n<meta property=\"og:url\" content=\"https:\/\/siidbykairi.com\/en\/product\/siid-by-kairi-saraoli-spark-50ml-roll-on\/\" \/>\n<meta property=\"og:site_name\" content=\"SIID by Kairi\" \/>\n<meta property=\"article:publisher\" content=\"https:\/\/www.facebook.com\/siidbykairi\/\" \/>\n<meta property=\"article:modified_time\" content=\"2026-04-27T09:55:22+00:00\" \/>\n<meta property=\"og:image\" content=\"https:\/\/siidbykairi.com\/wp-content\/uploads\/2025\/07\/DSC09824.jpg\" \/>\n\t<meta property=\"og:image:width\" content=\"1080\" \/>\n\t<meta property=\"og:image:height\" content=\"1616\" \/>\n\t<meta property=\"og:image:type\" content=\"image\/jpeg\" \/>\n<meta name=\"twitter:card\" content=\"summary_large_image\" \/>\n<meta name=\"twitter:label1\" content=\"Estimated reading time\" \/>\n\t<meta name=\"twitter:data1\" content=\"1 minute\" \/>\n<script type=\"application\/ld+json\" class=\"yoast-schema-graph\">{\"@context\":\"https:\\\/\\\/schema.org\",\"@graph\":[{\"@type\":\"WebPage\",\"@id\":\"https:\\\/\\\/siidbykairi.com\\\/toode\\\/siid-by-kairi-saraoli-spark-50ml-roll-on\\\/\",\"url\":\"https:\\\/\\\/siidbykairi.com\\\/toode\\\/siid-by-kairi-saraoli-spark-50ml-roll-on\\\/\",\"name\":\"Siid by Kairi s\u00e4ra\u00f5li Spark 50ml roll-on - SIID by Kairi\",\"isPartOf\":{\"@id\":\"https:\\\/\\\/siidbykairi.com\\\/#website\"},\"primaryImageOfPage\":{\"@id\":\"https:\\\/\\\/siidbykairi.com\\\/toode\\\/siid-by-kairi-saraoli-spark-50ml-roll-on\\\/#primaryimage\"},\"image\":{\"@id\":\"https:\\\/\\\/siidbykairi.com\\\/toode\\\/siid-by-kairi-saraoli-spark-50ml-roll-on\\\/#primaryimage\"},\"thumbnailUrl\":\"https:\\\/\\\/siidbykairi.com\\\/wp-content\\\/uploads\\\/2025\\\/07\\\/DSC09824.jpg\",\"datePublished\":\"2025-07-16T11:23:44+00:00\",\"dateModified\":\"2026-04-27T09:55:22+00:00\",\"breadcrumb\":{\"@id\":\"https:\\\/\\\/siidbykairi.com\\\/toode\\\/siid-by-kairi-saraoli-spark-50ml-roll-on\\\/#breadcrumb\"},\"inLanguage\":\"en-GB\",\"potentialAction\":[{\"@type\":\"ReadAction\",\"target\":[\"https:\\\/\\\/siidbykairi.com\\\/toode\\\/siid-by-kairi-saraoli-spark-50ml-roll-on\\\/\"]}]},{\"@type\":\"ImageObject\",\"inLanguage\":\"en-GB\",\"@id\":\"https:\\\/\\\/siidbykairi.com\\\/toode\\\/siid-by-kairi-saraoli-spark-50ml-roll-on\\\/#primaryimage\",\"url\":\"https:\\\/\\\/siidbykairi.com\\\/wp-content\\\/uploads\\\/2025\\\/07\\\/DSC09824.jpg\",\"contentUrl\":\"https:\\\/\\\/siidbykairi.com\\\/wp-content\\\/uploads\\\/2025\\\/07\\\/DSC09824.jpg\",\"width\":1080,\"height\":1616},{\"@type\":\"BreadcrumbList\",\"@id\":\"https:\\\/\\\/siidbykairi.com\\\/toode\\\/siid-by-kairi-saraoli-spark-50ml-roll-on\\\/#breadcrumb\",\"itemListElement\":[{\"@type\":\"ListItem\",\"position\":1,\"name\":\"Avaleht\",\"item\":\"https:\\\/\\\/siidbykairi.com\\\/\"},{\"@type\":\"ListItem\",\"position\":2,\"name\":\"Pood\",\"item\":\"https:\\\/\\\/siidbykairi.com\\\/pood\\\/\"},{\"@type\":\"ListItem\",\"position\":3,\"name\":\"Siid by Kairi s\u00e4ra\u00f5li Spark 50ml roll-on\"}]},{\"@type\":\"WebSite\",\"@id\":\"https:\\\/\\\/siidbykairi.com\\\/#website\",\"url\":\"https:\\\/\\\/siidbykairi.com\\\/\",\"name\":\"SIID by Kairi\",\"description\":\"Siidine pai su kehale ja hingele\",\"publisher\":{\"@id\":\"https:\\\/\\\/siidbykairi.com\\\/#organization\"},\"potentialAction\":[{\"@type\":\"SearchAction\",\"target\":{\"@type\":\"EntryPoint\",\"urlTemplate\":\"https:\\\/\\\/siidbykairi.com\\\/?s={search_term_string}\"},\"query-input\":{\"@type\":\"PropertyValueSpecification\",\"valueRequired\":true,\"valueName\":\"search_term_string\"}}],\"inLanguage\":\"en-GB\"},{\"@type\":\"Organization\",\"@id\":\"https:\\\/\\\/siidbykairi.com\\\/#organization\",\"name\":\"SIID by Kairi\",\"url\":\"https:\\\/\\\/siidbykairi.com\\\/\",\"logo\":{\"@type\":\"ImageObject\",\"inLanguage\":\"en-GB\",\"@id\":\"https:\\\/\\\/siidbykairi.com\\\/#\\\/schema\\\/logo\\\/image\\\/\",\"url\":\"https:\\\/\\\/siidbykairi.com\\\/wp-content\\\/uploads\\\/2022\\\/10\\\/siidbykairi_logo_kuldne_small.png\",\"contentUrl\":\"https:\\\/\\\/siidbykairi.com\\\/wp-content\\\/uploads\\\/2022\\\/10\\\/siidbykairi_logo_kuldne_small.png\",\"width\":1001,\"height\":659,\"caption\":\"SIID by Kairi\"},\"image\":{\"@id\":\"https:\\\/\\\/siidbykairi.com\\\/#\\\/schema\\\/logo\\\/image\\\/\"},\"sameAs\":[\"https:\\\/\\\/www.facebook.com\\\/siidbykairi\\\/\",\"https:\\\/\\\/www.instagram.com\\\/siidbykairi\\\/\"]}]}<\/script>\n<!-- \/ Yoast SEO plugin. -->","yoast_head_json":{"title":"Siid by Kairi s\u00e4ra\u00f5li Spark 50ml roll-on - SIID by Kairi","robots":{"index":"index","follow":"follow","max-snippet":"max-snippet:-1","max-image-preview":"max-image-preview:large","max-video-preview":"max-video-preview:-1"},"canonical":"https:\/\/siidbykairi.com\/en\/product\/siid-by-kairi-saraoli-spark-50ml-roll-on\/","og_locale":"en_GB","og_type":"article","og_title":"Siid by Kairi s\u00e4ra\u00f5li Spark 50ml roll-on - SIID by Kairi","og_description":"SIId roll-on on kohal. Sama koostis. Sama s\u00e4ra. Aga veelgi mugavamas pakendis, et saaksid SIIDi alati endaga kaasa v\u00f5tta. Roll-on pudel teeb \u00f5li pealekandmise nii palju lihtsamaks ja s\u00e4\u00e4stab su aega. S\u00fcgavalt niisutav ning imelist s\u00e4ra andev keha\u00f5li. P\u00e4evitunud nahal m\u00f5jub s\u00e4delev nahk kui t\u00f5eliselt elegantne aksessuaar. Enne kasutamist raputa pudelit, et orgaanilistest koostisosadest s\u00e4delus [&hellip;]","og_url":"https:\/\/siidbykairi.com\/en\/product\/siid-by-kairi-saraoli-spark-50ml-roll-on\/","og_site_name":"SIID by Kairi","article_publisher":"https:\/\/www.facebook.com\/siidbykairi\/","article_modified_time":"2026-04-27T09:55:22+00:00","og_image":[{"width":1080,"height":1616,"url":"https:\/\/siidbykairi.com\/wp-content\/uploads\/2025\/07\/DSC09824.jpg","type":"image\/jpeg"}],"twitter_card":"summary_large_image","twitter_misc":{"Estimated reading time":"1 minute"},"schema":{"@context":"https:\/\/schema.org","@graph":[{"@type":"WebPage","@id":"https:\/\/siidbykairi.com\/toode\/siid-by-kairi-saraoli-spark-50ml-roll-on\/","url":"https:\/\/siidbykairi.com\/toode\/siid-by-kairi-saraoli-spark-50ml-roll-on\/","name":"Siid by Kairi s\u00e4ra\u00f5li Spark 50ml roll-on - SIID by Kairi","isPartOf":{"@id":"https:\/\/siidbykairi.com\/#website"},"primaryImageOfPage":{"@id":"https:\/\/siidbykairi.com\/toode\/siid-by-kairi-saraoli-spark-50ml-roll-on\/#primaryimage"},"image":{"@id":"https:\/\/siidbykairi.com\/toode\/siid-by-kairi-saraoli-spark-50ml-roll-on\/#primaryimage"},"thumbnailUrl":"https:\/\/siidbykairi.com\/wp-content\/uploads\/2025\/07\/DSC09824.jpg","datePublished":"2025-07-16T11:23:44+00:00","dateModified":"2026-04-27T09:55:22+00:00","breadcrumb":{"@id":"https:\/\/siidbykairi.com\/toode\/siid-by-kairi-saraoli-spark-50ml-roll-on\/#breadcrumb"},"inLanguage":"en-GB","potentialAction":[{"@type":"ReadAction","target":["https:\/\/siidbykairi.com\/toode\/siid-by-kairi-saraoli-spark-50ml-roll-on\/"]}]},{"@type":"ImageObject","inLanguage":"en-GB","@id":"https:\/\/siidbykairi.com\/toode\/siid-by-kairi-saraoli-spark-50ml-roll-on\/#primaryimage","url":"https:\/\/siidbykairi.com\/wp-content\/uploads\/2025\/07\/DSC09824.jpg","contentUrl":"https:\/\/siidbykairi.com\/wp-content\/uploads\/2025\/07\/DSC09824.jpg","width":1080,"height":1616},{"@type":"BreadcrumbList","@id":"https:\/\/siidbykairi.com\/toode\/siid-by-kairi-saraoli-spark-50ml-roll-on\/#breadcrumb","itemListElement":[{"@type":"ListItem","position":1,"name":"Avaleht","item":"https:\/\/siidbykairi.com\/"},{"@type":"ListItem","position":2,"name":"Pood","item":"https:\/\/siidbykairi.com\/pood\/"},{"@type":"ListItem","position":3,"name":"Siid by Kairi s\u00e4ra\u00f5li Spark 50ml roll-on"}]},{"@type":"WebSite","@id":"https:\/\/siidbykairi.com\/#website","url":"https:\/\/siidbykairi.com\/","name":"SIID by Kairi","description":"Good skin. Good mood. Good day.","publisher":{"@id":"https:\/\/siidbykairi.com\/#organization"},"potentialAction":[{"@type":"SearchAction","target":{"@type":"EntryPoint","urlTemplate":"https:\/\/siidbykairi.com\/?s={search_term_string}"},"query-input":{"@type":"PropertyValueSpecification","valueRequired":true,"valueName":"search_term_string"}}],"inLanguage":"en-GB"},{"@type":"Organization","@id":"https:\/\/siidbykairi.com\/#organization","name":"SIID by Kairi","url":"https:\/\/siidbykairi.com\/","logo":{"@type":"ImageObject","inLanguage":"en-GB","@id":"https:\/\/siidbykairi.com\/#\/schema\/logo\/image\/","url":"https:\/\/siidbykairi.com\/wp-content\/uploads\/2022\/10\/siidbykairi_logo_kuldne_small.png","contentUrl":"https:\/\/siidbykairi.com\/wp-content\/uploads\/2022\/10\/siidbykairi_logo_kuldne_small.png","width":1001,"height":659,"caption":"SIID by Kairi"},"image":{"@id":"https:\/\/siidbykairi.com\/#\/schema\/logo\/image\/"},"sameAs":["https:\/\/www.facebook.com\/siidbykairi\/","https:\/\/www.instagram.com\/siidbykairi\/"]}]}},"_links":{"self":[{"href":"https:\/\/siidbykairi.com\/en\/wp-json\/wp\/v2\/product\/2770","targetHints":{"allow":["GET"]}}],"collection":[{"href":"https:\/\/siidbykairi.com\/en\/wp-json\/wp\/v2\/product"}],"about":[{"href":"https:\/\/siidbykairi.com\/en\/wp-json\/wp\/v2\/types\/product"}],"wp:featuredmedia":[{"embeddable":true,"href":"https:\/\/siidbykairi.com\/en\/wp-json\/wp\/v2\/media\/2787"}],"wp:attachment":[{"href":"https:\/\/siidbykairi.com\/en\/wp-json\/wp\/v2\/media?parent=2770"}],"wp:term":[{"taxonomy":"product_brand","embeddable":true,"href":"https:\/\/siidbykairi.com\/en\/wp-json\/wp\/v2\/product_brand?post=2770"},{"taxonomy":"product_cat","embeddable":true,"href":"https:\/\/siidbykairi.com\/en\/wp-json\/wp\/v2\/product_cat?post=2770"},{"taxonomy":"product_tag","embeddable":true,"href":"https:\/\/siidbykairi.com\/en\/wp-json\/wp\/v2\/product_tag?post=2770"}],"curies":[{"name":"wp","href":"https:\/\/api.w.org\/{rel}","templated":true}]}}